{"id":96,"date":"2026-01-29T14:20:29","date_gmt":"2026-01-29T13:20:29","guid":{"rendered":"https:\/\/www.fondationdonbosco.org\/nous-aider\/devenez-benevole\/"},"modified":"2026-03-18T15:23:34","modified_gmt":"2026-03-18T14:23:34","slug":"devenez-benevole","status":"publish","type":"page","link":"https:\/\/www.fondationdonbosco.org\/en\/nous-aider\/devenez-benevole\/","title":{"rendered":"Become a volunteer"},"content":{"rendered":"<div data-elementor-type=\"wp-page\" data-elementor-id=\"96\" class=\"elementor elementor-96\" data-elementor-post-type=\"page\">\n\t\t\t\t<div class=\"elementor-element elementor-element-233a13bd e-flex e-con-boxed e-con e-parent\" data-id=\"233a13bd\" data-element_type=\"container\" data-e-type=\"container\">\n\t\t\t\t\t<div class=\"e-con-inner\">\n\t\t<div class=\"elementor-element elementor-element-2c83ea53 e-con-full e-flex e-con e-child\" data-id=\"2c83ea53\" data-element_type=\"container\" data-e-type=\"container\">\n\t\t<div class=\"elementor-element elementor-element-db8256 e-con-full e-flex e-con e-child\" data-id=\"db8256\" data-element_type=\"container\" data-e-type=\"container\">\n\t\t\t\t<div class=\"elementor-element elementor-element-1282f14c elementor-widget elementor-widget-heading\" data-id=\"1282f14c\" data-element_type=\"widget\" data-e-type=\"widget\" data-widget_type=\"heading.default\">\n\t\t\t\t\t<h2 class=\"elementor-heading-title elementor-size-default\">The Don Bosco Foundation has been working for over 40 years for the education and training of young people, especially the most disadvantaged.<\/h2>\t\t\t\t<\/div>\n\t\t<div class=\"elementor-element elementor-element-211ce0 e-con-full e-flex e-con e-child\" data-id=\"211ce0\" data-element_type=\"container\" data-e-type=\"container\" data-settings=\"{&quot;background_background&quot;:&quot;classic&quot;}\">\n\t\t\t\t<div class=\"elementor-element elementor-element-47c365db elementor-widget elementor-widget-image\" data-id=\"47c365db\" data-element_type=\"widget\" data-e-type=\"widget\" data-widget_type=\"image.default\">\n\t\t\t\t\t\t\t\t\t\t\t\t\t\t\t<img fetchpriority=\"high\" decoding=\"async\" width=\"800\" height=\"801\" src=\"https:\/\/www.fondationdonbosco.org\/wp-content\/uploads\/2026\/03\/sebastien-robert.jpg\" class=\"attachment-large size-large wp-image-1169\" alt=\"\" srcset=\"https:\/\/www.fondationdonbosco.org\/wp-content\/uploads\/2026\/03\/sebastien-robert.jpg 838w, https:\/\/www.fondationdonbosco.org\/wp-content\/uploads\/2026\/03\/sebastien-robert-300x300.jpg 300w, https:\/\/www.fondationdonbosco.org\/wp-content\/uploads\/2026\/03\/sebastien-robert-150x150.jpg 150w, https:\/\/www.fondationdonbosco.org\/wp-content\/uploads\/2026\/03\/sebastien-robert-768x769.jpg 768w, https:\/\/www.fondationdonbosco.org\/wp-content\/uploads\/2026\/03\/sebastien-robert-100x100.jpg 100w, https:\/\/www.fondationdonbosco.org\/wp-content\/uploads\/2026\/03\/sebastien-robert-70x70.jpg 70w\" sizes=\"(max-width: 800px) 100vw, 800px\" \/>\t\t\t\t\t\t\t\t\t\t\t\t\t\t\t<\/div>\n\t\t<div class=\"elementor-element elementor-element-dfb5db0 e-con-full e-flex e-con e-child\" data-id=\"dfb5db0\" data-element_type=\"container\" data-e-type=\"container\">\n\t\t\t\t<div class=\"elementor-element elementor-element-b50bdec elementor-widget elementor-widget-text-editor\" data-id=\"b50bdec\" data-element_type=\"widget\" data-e-type=\"widget\" data-widget_type=\"text-editor.default\">\n\t\t\t\t\t\t\t\t\t<p>S\u00e9bastien Robert<\/p>\t\t\t\t\t\t\t\t<\/div>\n\t\t\t\t<div class=\"elementor-element elementor-element-39241051 elementor-widget elementor-widget-text-editor\" data-id=\"39241051\" data-element_type=\"widget\" data-e-type=\"widget\" data-widget_type=\"text-editor.default\">\n\t\t\t\t\t\t\t\t\t<p>Don Bosco Foundation<\/p>\t\t\t\t\t\t\t\t<\/div>\n\t\t\t\t<\/div>\n\t\t\t\t<\/div>\n\t\t\t\t<\/div>\n\t\t\t\t<\/div>\n\t\t\t\t<div class=\"elementor-element elementor-element-69b82959 elementor-widget elementor-widget-image\" data-id=\"69b82959\" data-element_type=\"widget\" data-e-type=\"widget\" data-widget_type=\"image.default\">\n\t\t\t\t\t\t\t\t\t\t\t\t\t\t\t<img decoding=\"async\" width=\"800\" height=\"238\" src=\"https:\/\/www.fondationdonbosco.org\/wp-content\/uploads\/2026\/02\/qui-sommes-nous-1024x305.png\" class=\"attachment-large size-large wp-image-428\" alt=\"\" srcset=\"https:\/\/www.fondationdonbosco.org\/wp-content\/uploads\/2026\/02\/qui-sommes-nous-1024x305.png 1024w, https:\/\/www.fondationdonbosco.org\/wp-content\/uploads\/2026\/02\/qui-sommes-nous-300x89.png 300w, https:\/\/www.fondationdonbosco.org\/wp-content\/uploads\/2026\/02\/qui-sommes-nous-768x229.png 768w, https:\/\/www.fondationdonbosco.org\/wp-content\/uploads\/2026\/02\/qui-sommes-nous-235x70.png 235w, https:\/\/www.fondationdonbosco.org\/wp-content\/uploads\/2026\/02\/qui-sommes-nous.png 1140w\" sizes=\"(max-width: 800px) 100vw, 800px\" \/>\t\t\t\t\t\t\t\t\t\t\t\t\t\t\t<\/div>\n\t\t<div class=\"elementor-element elementor-element-135e84a5 e-grid e-con-full e-con e-child\" data-id=\"135e84a5\" data-element_type=\"container\" data-e-type=\"container\">\n\t\t<div class=\"elementor-element elementor-element-6192a60c e-con-full e-flex e-con e-child\" data-id=\"6192a60c\" data-element_type=\"container\" data-e-type=\"container\">\n\t\t\t\t<div class=\"elementor-element elementor-element-77297ebf elementor-widget elementor-widget-text-editor\" data-id=\"77297ebf\" data-element_type=\"widget\" data-e-type=\"widget\" data-widget_type=\"text-editor.default\">\n\t\t\t\t\t\t\t\t\t<p>Do you feel called... Even a simple hesitation warrants a call.<\/p>\t\t\t\t\t\t\t\t<\/div>\n\t\t\t\t<div class=\"elementor-element elementor-element-41d95598 elementor-widget elementor-widget-heading\" data-id=\"41d95598\" data-element_type=\"widget\" data-e-type=\"widget\" data-widget_type=\"heading.default\">\n\t\t\t\t\t<h2 class=\"elementor-heading-title elementor-size-default\">What if we shared a moment?<\/h2>\t\t\t\t<\/div>\n\t\t\t\t<div class=\"elementor-element elementor-element-76453e37 elementor-widget elementor-widget-text-editor\" data-id=\"76453e37\" data-element_type=\"widget\" data-e-type=\"widget\" data-widget_type=\"text-editor.default\">\n\t\t\t\t\t\t\t\t\t<p><a href=\"https:\/\/www.fondationdonbosco.org\/en\/contactez-nous\/\"><strong>...contact us<\/strong><\/a>, We would be delighted to answer your questions!<\/p><p>Several volunteers are already donating some of their time and talents... why not you?<\/p>\t\t\t\t\t\t\t\t<\/div>\n\t\t\t\t<\/div>\n\t\t<div class=\"elementor-element elementor-element-8517247 e-con-full e-flex e-con e-child\" data-id=\"8517247\" data-element_type=\"container\" data-e-type=\"container\">\n\t\t<div class=\"elementor-element elementor-element-149709ef e-con-full e-flex e-con e-child\" data-id=\"149709ef\" data-element_type=\"container\" data-e-type=\"container\">\n\t\t\t\t<div class=\"elementor-element elementor-element-3c7e2829 elementor-widget elementor-widget-heading\" data-id=\"3c7e2829\" data-element_type=\"widget\" data-e-type=\"widget\" data-widget_type=\"heading.default\">\n\t\t\t\t\t<h2 class=\"elementor-heading-title elementor-size-default\">Serving education and youth<\/h2>\t\t\t\t<\/div>\n\t\t\t\t<div class=\"elementor-element elementor-element-39d39630 elementor-widget elementor-widget-text-editor\" data-id=\"39d39630\" data-element_type=\"widget\" data-e-type=\"widget\" data-widget_type=\"text-editor.default\">\n\t\t\t\t\t\t\t\t\t<p>Volunteering means providing complementary support, either occasionally or long-term, most often in support roles. It means offering your expertise and skills to serve a mission.<\/p>\t\t\t\t\t\t\t\t<\/div>\n\t\t\t\t<\/div>\n\t\t<div class=\"elementor-element elementor-element-93a49de e-con-full e-flex e-con e-child\" data-id=\"93a49de\" data-element_type=\"container\" data-e-type=\"container\" data-settings=\"{&quot;background_background&quot;:&quot;classic&quot;}\">\n\t\t\t\t<div class=\"elementor-element elementor-element-9b7be28 elementor-widget elementor-widget-text-editor\" data-id=\"9b7be28\" data-element_type=\"widget\" data-e-type=\"widget\" data-widget_type=\"text-editor.default\">\n\t\t\t\t\t\t\t\t\t<p>\u00abAlways give great importance to the things you do.\u00bb<\/p>\t\t\t\t\t\t\t\t<\/div>\n\t\t\t\t<div class=\"elementor-element elementor-element-47e06e37 elementor-widget elementor-widget-text-editor\" data-id=\"47e06e37\" data-element_type=\"widget\" data-e-type=\"widget\" data-widget_type=\"text-editor.default\">\n\t\t\t\t\t\t\t\t\t<p>Don Bosco<\/p>\t\t\t\t\t\t\t\t<\/div>\n\t\t\t\t<\/div>\n\t\t\t\t<\/div>\n\t\t\t\t<\/div>\n\t\t\t\t\t<\/div>\n\t\t\t\t<\/div>\n\t\t\t\t<\/div>","protected":false},"excerpt":{"rendered":"<p>La Fondation Don Bosco \u0153uvre depuis plus de\u202840 ans pour l\u2019\u00e9ducation et la formation des jeunes, notamment les plus d\u00e9munis. S\u00e9bastien Robert Fondation Don Bosco Vous vous sentez appel\u00e9(e)\u2026Rien qu\u2019une [&hellip;]<\/p>\n","protected":false},"author":1,"featured_media":0,"parent":71,"menu_order":0,"comment_status":"closed","ping_status":"closed","template":"","meta":{"_acf_changed":false,"footnotes":""},"class_list":["post-96","page","type-page","status-publish","hentry"],"acf":[],"yoast_head":"<!-- This site is optimized with the Yoast SEO plugin v27.2 - https:\/\/yoast.com\/product\/yoast-seo-wordpress\/ -->\n<title>Devenez b\u00e9n\u00e9vole - Fondation Don Bosco<\/title>\n<meta name=\"description\" content=\"La Fondation Don Bosco \u0153uvre depuis plus de\u202840 ans pour l\u2019\u00e9ducation et la formation des jeunes, notamment les plus d\u00e9munis. S\u00e9bastien RobertFondation Don\" \/>\n<meta name=\"robots\" content=\"index, follow, max-snippet:-1, max-image-preview:large, max-video-preview:-1\" \/>\n<link rel=\"canonical\" href=\"https:\/\/www.fondationdonbosco.org\/en\/nous-aider\/devenez-benevole\/\" \/>\n<meta property=\"og:locale\" content=\"en_US\" \/>\n<meta property=\"og:type\" content=\"article\" \/>\n<meta property=\"og:title\" content=\"Devenez b\u00e9n\u00e9vole - Fondation Don Bosco\" \/>\n<meta property=\"og:description\" content=\"La Fondation Don Bosco \u0153uvre depuis plus de\u202840 ans pour l\u2019\u00e9ducation et la formation des jeunes, notamment les plus d\u00e9munis. S\u00e9bastien RobertFondation Don\" \/>\n<meta property=\"og:url\" content=\"https:\/\/www.fondationdonbosco.org\/en\/nous-aider\/devenez-benevole\/\" \/>\n<meta property=\"og:site_name\" content=\"Fondation Don Bosco\" \/>\n<meta property=\"article:modified_time\" content=\"2026-03-18T14:23:34+00:00\" \/>\n<meta property=\"og:image\" content=\"https:\/\/www.fondationdonbosco.org\/wp-content\/uploads\/2026\/03\/sebastien-robert.jpg\" \/>\n\t<meta property=\"og:image:width\" content=\"838\" \/>\n\t<meta property=\"og:image:height\" content=\"839\" \/>\n\t<meta property=\"og:image:type\" content=\"image\/jpeg\" \/>\n<meta name=\"twitter:card\" content=\"summary_large_image\" \/>\n<meta name=\"twitter:label1\" content=\"Est. reading time\" \/>\n\t<meta name=\"twitter:data1\" content=\"1 minute\" \/>\n<script type=\"application\/ld+json\" class=\"yoast-schema-graph\">{\"@context\":\"https:\/\/schema.org\",\"@graph\":[{\"@type\":\"WebPage\",\"@id\":\"https:\/\/www.fondationdonbosco.org\/nous-aider\/devenez-benevole\/\",\"url\":\"https:\/\/www.fondationdonbosco.org\/nous-aider\/devenez-benevole\/\",\"name\":\"Devenez b\u00e9n\u00e9vole - Fondation Don Bosco\",\"isPartOf\":{\"@id\":\"https:\/\/www.fondationdonbosco.org\/#website\"},\"primaryImageOfPage\":{\"@id\":\"https:\/\/www.fondationdonbosco.org\/nous-aider\/devenez-benevole\/#primaryimage\"},\"image\":{\"@id\":\"https:\/\/www.fondationdonbosco.org\/nous-aider\/devenez-benevole\/#primaryimage\"},\"thumbnailUrl\":\"https:\/\/www.fondationdonbosco.org\/wp-content\/uploads\/2026\/03\/sebastien-robert.jpg\",\"datePublished\":\"2026-01-29T13:20:29+00:00\",\"dateModified\":\"2026-03-18T14:23:34+00:00\",\"description\":\"La Fondation Don Bosco \u0153uvre depuis plus de\\u202840 ans pour l\u2019\u00e9ducation et la formation des jeunes, notamment les plus d\u00e9munis. S\u00e9bastien RobertFondation Don\",\"breadcrumb\":{\"@id\":\"https:\/\/www.fondationdonbosco.org\/nous-aider\/devenez-benevole\/#breadcrumb\"},\"inLanguage\":\"en-US\",\"potentialAction\":[{\"@type\":\"ReadAction\",\"target\":[\"https:\/\/www.fondationdonbosco.org\/nous-aider\/devenez-benevole\/\"]}]},{\"@type\":\"ImageObject\",\"inLanguage\":\"en-US\",\"@id\":\"https:\/\/www.fondationdonbosco.org\/nous-aider\/devenez-benevole\/#primaryimage\",\"url\":\"https:\/\/www.fondationdonbosco.org\/wp-content\/uploads\/2026\/03\/sebastien-robert.jpg\",\"contentUrl\":\"https:\/\/www.fondationdonbosco.org\/wp-content\/uploads\/2026\/03\/sebastien-robert.jpg\"},{\"@type\":\"BreadcrumbList\",\"@id\":\"https:\/\/www.fondationdonbosco.org\/nous-aider\/devenez-benevole\/#breadcrumb\",\"itemListElement\":[{\"@type\":\"ListItem\",\"position\":1,\"name\":\"Accueil\",\"item\":\"https:\/\/www.fondationdonbosco.org\/\"},{\"@type\":\"ListItem\",\"position\":2,\"name\":\"Nous aider\",\"item\":\"https:\/\/www.fondationdonbosco.org\/nous-aider\/\"},{\"@type\":\"ListItem\",\"position\":3,\"name\":\"Devenez b\u00e9n\u00e9vole\"}]},{\"@type\":\"WebSite\",\"@id\":\"https:\/\/www.fondationdonbosco.org\/#website\",\"url\":\"https:\/\/www.fondationdonbosco.org\/\",\"name\":\"Fondation Don Bosco\",\"description\":\"Fondation reconnue d\u2019utilit\u00e9 publique depuis 1986\",\"potentialAction\":[{\"@type\":\"SearchAction\",\"target\":{\"@type\":\"EntryPoint\",\"urlTemplate\":\"https:\/\/www.fondationdonbosco.org\/?s={search_term_string}\"},\"query-input\":{\"@type\":\"PropertyValueSpecification\",\"valueRequired\":true,\"valueName\":\"search_term_string\"}}],\"inLanguage\":\"en-US\"}]}<\/script>\n<!-- \/ Yoast SEO plugin. -->","yoast_head_json":{"title":"Devenez b\u00e9n\u00e9vole - Fondation Don Bosco","description":"La Fondation Don Bosco \u0153uvre depuis plus de\u202840 ans pour l\u2019\u00e9ducation et la formation des jeunes, notamment les plus d\u00e9munis. S\u00e9bastien RobertFondation Don","robots":{"index":"index","follow":"follow","max-snippet":"max-snippet:-1","max-image-preview":"max-image-preview:large","max-video-preview":"max-video-preview:-1"},"canonical":"https:\/\/www.fondationdonbosco.org\/en\/nous-aider\/devenez-benevole\/","og_locale":"en_US","og_type":"article","og_title":"Devenez b\u00e9n\u00e9vole - Fondation Don Bosco","og_description":"La Fondation Don Bosco \u0153uvre depuis plus de\u202840 ans pour l\u2019\u00e9ducation et la formation des jeunes, notamment les plus d\u00e9munis. S\u00e9bastien RobertFondation Don","og_url":"https:\/\/www.fondationdonbosco.org\/en\/nous-aider\/devenez-benevole\/","og_site_name":"Fondation Don Bosco","article_modified_time":"2026-03-18T14:23:34+00:00","og_image":[{"width":838,"height":839,"url":"https:\/\/www.fondationdonbosco.org\/wp-content\/uploads\/2026\/03\/sebastien-robert.jpg","type":"image\/jpeg"}],"twitter_card":"summary_large_image","twitter_misc":{"Est. reading time":"1 minute"},"schema":{"@context":"https:\/\/schema.org","@graph":[{"@type":"WebPage","@id":"https:\/\/www.fondationdonbosco.org\/nous-aider\/devenez-benevole\/","url":"https:\/\/www.fondationdonbosco.org\/nous-aider\/devenez-benevole\/","name":"Devenez b\u00e9n\u00e9vole - Fondation Don Bosco","isPartOf":{"@id":"https:\/\/www.fondationdonbosco.org\/#website"},"primaryImageOfPage":{"@id":"https:\/\/www.fondationdonbosco.org\/nous-aider\/devenez-benevole\/#primaryimage"},"image":{"@id":"https:\/\/www.fondationdonbosco.org\/nous-aider\/devenez-benevole\/#primaryimage"},"thumbnailUrl":"https:\/\/www.fondationdonbosco.org\/wp-content\/uploads\/2026\/03\/sebastien-robert.jpg","datePublished":"2026-01-29T13:20:29+00:00","dateModified":"2026-03-18T14:23:34+00:00","description":"La Fondation Don Bosco \u0153uvre depuis plus de\u202840 ans pour l\u2019\u00e9ducation et la formation des jeunes, notamment les plus d\u00e9munis. S\u00e9bastien RobertFondation Don","breadcrumb":{"@id":"https:\/\/www.fondationdonbosco.org\/nous-aider\/devenez-benevole\/#breadcrumb"},"inLanguage":"en-US","potentialAction":[{"@type":"ReadAction","target":["https:\/\/www.fondationdonbosco.org\/nous-aider\/devenez-benevole\/"]}]},{"@type":"ImageObject","inLanguage":"en-US","@id":"https:\/\/www.fondationdonbosco.org\/nous-aider\/devenez-benevole\/#primaryimage","url":"https:\/\/www.fondationdonbosco.org\/wp-content\/uploads\/2026\/03\/sebastien-robert.jpg","contentUrl":"https:\/\/www.fondationdonbosco.org\/wp-content\/uploads\/2026\/03\/sebastien-robert.jpg"},{"@type":"BreadcrumbList","@id":"https:\/\/www.fondationdonbosco.org\/nous-aider\/devenez-benevole\/#breadcrumb","itemListElement":[{"@type":"ListItem","position":1,"name":"Accueil","item":"https:\/\/www.fondationdonbosco.org\/"},{"@type":"ListItem","position":2,"name":"Nous aider","item":"https:\/\/www.fondationdonbosco.org\/nous-aider\/"},{"@type":"ListItem","position":3,"name":"Devenez b\u00e9n\u00e9vole"}]},{"@type":"WebSite","@id":"https:\/\/www.fondationdonbosco.org\/#website","url":"https:\/\/www.fondationdonbosco.org\/","name":"Don Bosco Foundation","description":"Foundation recognized as being of public utility since 1986","potentialAction":[{"@type":"SearchAction","target":{"@type":"EntryPoint","urlTemplate":"https:\/\/www.fondationdonbosco.org\/?s={search_term_string}"},"query-input":{"@type":"PropertyValueSpecification","valueRequired":true,"valueName":"search_term_string"}}],"inLanguage":"en-US"}]}},"_links":{"self":[{"href":"https:\/\/www.fondationdonbosco.org\/en\/wp-json\/wp\/v2\/pages\/96","targetHints":{"allow":["GET"]}}],"collection":[{"href":"https:\/\/www.fondationdonbosco.org\/en\/wp-json\/wp\/v2\/pages"}],"about":[{"href":"https:\/\/www.fondationdonbosco.org\/en\/wp-json\/wp\/v2\/types\/page"}],"author":[{"embeddable":true,"href":"https:\/\/www.fondationdonbosco.org\/en\/wp-json\/wp\/v2\/users\/1"}],"replies":[{"embeddable":true,"href":"https:\/\/www.fondationdonbosco.org\/en\/wp-json\/wp\/v2\/comments?post=96"}],"version-history":[{"count":10,"href":"https:\/\/www.fondationdonbosco.org\/en\/wp-json\/wp\/v2\/pages\/96\/revisions"}],"predecessor-version":[{"id":2005,"href":"https:\/\/www.fondationdonbosco.org\/en\/wp-json\/wp\/v2\/pages\/96\/revisions\/2005"}],"up":[{"embeddable":true,"href":"https:\/\/www.fondationdonbosco.org\/en\/wp-json\/wp\/v2\/pages\/71"}],"wp:attachment":[{"href":"https:\/\/www.fondationdonbosco.org\/en\/wp-json\/wp\/v2\/media?parent=96"}],"curies":[{"name":"wp","href":"https:\/\/api.w.org\/{rel}","templated":true}]}}