{"id":92,"date":"2026-01-29T14:20:29","date_gmt":"2026-01-29T13:20:29","guid":{"rendered":"https:\/\/www.fondationdonbosco.org\/nous-aider\/transmettre-son-patrimoine\/"},"modified":"2026-03-18T15:08:04","modified_gmt":"2026-03-18T14:08:04","slug":"transmettre-son-patrimoine","status":"publish","type":"page","link":"https:\/\/www.fondationdonbosco.org\/en\/nous-aider\/transmettre-son-patrimoine\/","title":{"rendered":"Transferring one's assets"},"content":{"rendered":"<div data-elementor-type=\"wp-page\" data-elementor-id=\"92\" class=\"elementor elementor-92\" data-elementor-post-type=\"page\">\n\t\t\t\t<div class=\"elementor-element elementor-element-32ebbdcf e-flex e-con-boxed e-con e-parent\" data-id=\"32ebbdcf\" data-element_type=\"container\" data-e-type=\"container\">\n\t\t\t\t\t<div class=\"e-con-inner\">\n\t\t<div class=\"elementor-element elementor-element-73747ac0 e-con-full e-flex e-con e-child\" data-id=\"73747ac0\" data-element_type=\"container\" data-e-type=\"container\">\n\t\t<div class=\"elementor-element elementor-element-5e70bb66 e-con-full e-flex e-con e-child\" data-id=\"5e70bb66\" data-element_type=\"container\" data-e-type=\"container\">\n\t\t\t\t<div class=\"elementor-element elementor-element-3279f1b6 elementor-widget elementor-widget-heading\" data-id=\"3279f1b6\" data-element_type=\"widget\" data-e-type=\"widget\" data-widget_type=\"heading.default\">\n\t\t\t\t\t<h2 class=\"elementor-heading-title elementor-size-default\">Transferring all or part of your assets is a way to perpetuate your generosity and your memory throughout your life and beyond.<\/h2>\t\t\t\t<\/div>\n\t\t<div class=\"elementor-element elementor-element-5e2156e6 e-con-full e-flex e-con e-child\" data-id=\"5e2156e6\" data-element_type=\"container\" data-e-type=\"container\" data-settings=\"{&quot;background_background&quot;:&quot;classic&quot;}\">\n\t\t\t\t<div class=\"elementor-element elementor-element-18868095 elementor-widget elementor-widget-image\" data-id=\"18868095\" data-element_type=\"widget\" data-e-type=\"widget\" data-widget_type=\"image.default\">\n\t\t\t\t\t\t\t\t\t\t\t\t\t\t\t<img decoding=\"async\" width=\"222\" height=\"201\" src=\"https:\/\/www.fondationdonbosco.org\/wp-content\/uploads\/2026\/03\/patrick-loyer.jpg\" class=\"attachment-large size-large wp-image-1560\" alt=\"\" srcset=\"https:\/\/www.fondationdonbosco.org\/wp-content\/uploads\/2026\/03\/patrick-loyer.jpg 222w, https:\/\/www.fondationdonbosco.org\/wp-content\/uploads\/2026\/03\/patrick-loyer-77x70.jpg 77w\" sizes=\"(max-width: 222px) 100vw, 222px\" \/>\t\t\t\t\t\t\t\t\t\t\t\t\t\t\t<\/div>\n\t\t<div class=\"elementor-element elementor-element-363e5bf e-con-full e-flex e-con e-child\" data-id=\"363e5bf\" data-element_type=\"container\" data-e-type=\"container\">\n\t\t\t\t<div class=\"elementor-element elementor-element-316e39d0 elementor-widget elementor-widget-text-editor\" data-id=\"316e39d0\" data-element_type=\"widget\" data-e-type=\"widget\" data-widget_type=\"text-editor.default\">\n\t\t\t\t\t\t\t\t\t<p>Patrick Loyer<\/p>\t\t\t\t\t\t\t\t<\/div>\n\t\t\t\t<div class=\"elementor-element elementor-element-52b1cb86 elementor-widget elementor-widget-text-editor\" data-id=\"52b1cb86\" data-element_type=\"widget\" data-e-type=\"widget\" data-widget_type=\"text-editor.default\">\n\t\t\t\t\t\t\t\t\t<p>Legacies and donations officer<\/p>\t\t\t\t\t\t\t\t<\/div>\n\t\t\t\t<\/div>\n\t\t\t\t<\/div>\n\t\t\t\t<\/div>\n\t\t\t\t<\/div>\n\t\t\t\t<div class=\"elementor-element elementor-element-50252347 elementor-widget elementor-widget-image\" data-id=\"50252347\" data-element_type=\"widget\" data-e-type=\"widget\" data-widget_type=\"image.default\">\n\t\t\t\t\t\t\t\t\t\t\t\t\t\t\t<img fetchpriority=\"high\" decoding=\"async\" width=\"768\" height=\"255\" src=\"https:\/\/www.fondationdonbosco.org\/wp-content\/uploads\/2026\/03\/fondation-don-bosco-transmettre-768x255.jpg\" class=\"attachment-medium_large size-medium_large wp-image-1867\" alt=\"\" srcset=\"https:\/\/www.fondationdonbosco.org\/wp-content\/uploads\/2026\/03\/fondation-don-bosco-transmettre-768x255.jpg 768w, https:\/\/www.fondationdonbosco.org\/wp-content\/uploads\/2026\/03\/fondation-don-bosco-transmettre-300x99.jpg 300w, https:\/\/www.fondationdonbosco.org\/wp-content\/uploads\/2026\/03\/fondation-don-bosco-transmettre-1024x340.jpg 1024w, https:\/\/www.fondationdonbosco.org\/wp-content\/uploads\/2026\/03\/fondation-don-bosco-transmettre-211x70.jpg 211w, https:\/\/www.fondationdonbosco.org\/wp-content\/uploads\/2026\/03\/fondation-don-bosco-transmettre.jpg 1140w\" sizes=\"(max-width: 768px) 100vw, 768px\" \/>\t\t\t\t\t\t\t\t\t\t\t\t\t\t\t<\/div>\n\t\t<div class=\"elementor-element elementor-element-504e5a8e e-grid e-con-full e-con e-child\" data-id=\"504e5a8e\" data-element_type=\"container\" data-e-type=\"container\">\n\t\t<div class=\"elementor-element elementor-element-4ee96528 e-con-full e-flex e-con e-child\" data-id=\"4ee96528\" data-element_type=\"container\" data-e-type=\"container\">\n\t\t\t\t<div class=\"elementor-element elementor-element-3ea6b5dc elementor-widget elementor-widget-text-editor\" data-id=\"3ea6b5dc\" data-element_type=\"widget\" data-e-type=\"widget\" data-widget_type=\"text-editor.default\">\n\t\t\t\t\t\t\t\t\t<p>Leaving a legacy to the Don Bosco Foundation while also providing for your children is possible!<\/p>\t\t\t\t\t\t\t\t<\/div>\n\t\t\t\t<div class=\"elementor-element elementor-element-1826c53a elementor-widget elementor-widget-heading\" data-id=\"1826c53a\" data-element_type=\"widget\" data-e-type=\"widget\" data-widget_type=\"heading.default\">\n\t\t\t\t\t<h2 class=\"elementor-heading-title elementor-size-default\">Does the mission of the Salesians of Don Bosco matter to you?<\/h2>\t\t\t\t<\/div>\n\t\t\t\t<div class=\"elementor-element elementor-element-124b56aa elementor-widget elementor-widget-text-editor\" data-id=\"124b56aa\" data-element_type=\"widget\" data-e-type=\"widget\" data-widget_type=\"text-editor.default\">\n\t\t\t\t\t\t\t\t\t<p>Leaving a legacy is choosing during your lifetime the cause or causes that are important to you and enabling them to continue their missions beyond your life.<\/p><p>What do you think\u00a0 <strong>Education is the backbone of a lifetime <\/strong>Do you know that not all children and young people have the same start and the same progress? Are you convinced, like us, that everyone can find their place and build their future?<\/p><p>So we have things in common!<\/p><p>You can bequeath all or part of your assets to the Don Bosco Foundation. A recognized public utility foundation, the Don Bosco Foundation will be able to continue its educational mission for young people thanks to you.<\/p><p>You determine the share you wish to bequeath to the Don Bosco Foundation. This share will be used in its entirety after your death for our cause, which is dear to you, free of tax.<\/p>\t\t\t\t\t\t\t\t<\/div>\n\t\t\t\t<\/div>\n\t\t<div class=\"elementor-element elementor-element-15dae957 e-con-full e-flex e-con e-child\" data-id=\"15dae957\" data-element_type=\"container\" data-e-type=\"container\">\n\t\t<div class=\"elementor-element elementor-element-5af9cdd1 e-con-full e-flex e-con e-child\" data-id=\"5af9cdd1\" data-element_type=\"container\" data-e-type=\"container\">\n\t\t\t\t<div class=\"elementor-element elementor-element-3fc72f85 elementor-widget elementor-widget-heading\" data-id=\"3fc72f85\" data-element_type=\"widget\" data-e-type=\"widget\" data-widget_type=\"heading.default\">\n\t\t\t\t\t<h2 class=\"elementor-heading-title elementor-size-default\">What will your legacy be used for?<\/h2>\t\t\t\t<\/div>\n\t\t\t\t<div class=\"elementor-element elementor-element-51d48538 elementor-widget elementor-widget-text-editor\" data-id=\"51d48538\" data-element_type=\"widget\" data-e-type=\"widget\" data-widget_type=\"text-editor.default\">\n\t\t\t\t\t\t\t\t\t<p>By deciding to leave a legacy to the Don Bosco Foundation, you put your assets to work for our missions. For young people, thanks to our educators, we support various projects in France and internationally.<\/p><p>You choose the domain(s) that are important to you, and your wishes will be strictly respected.<\/p>\t\t\t\t\t\t\t\t<\/div>\n\t\t\t\t<\/div>\n\t\t<div class=\"elementor-element elementor-element-6a9c7217 e-con-full e-flex e-con e-child\" data-id=\"6a9c7217\" data-element_type=\"container\" data-e-type=\"container\" data-settings=\"{&quot;background_background&quot;:&quot;classic&quot;}\">\n\t\t\t\t<div class=\"elementor-element elementor-element-4373bf2b elementor-widget elementor-widget-text-editor\" data-id=\"4373bf2b\" data-element_type=\"widget\" data-e-type=\"widget\" data-widget_type=\"text-editor.default\">\n\t\t\t\t\t\t\t\t\t<p>Come meet us or get in touch, we will answer all your questions discreetly.<\/p>\t\t\t\t\t\t\t\t<\/div>\n\t\t\t\t<div class=\"elementor-element elementor-element-a4392eb elementor-widget elementor-widget-spyrit_elementor_widget_button\" data-id=\"a4392eb\" data-element_type=\"widget\" data-e-type=\"widget\" data-widget_type=\"spyrit_elementor_widget_button.default\">\n\t\t\t\t<div class=\"elementor-widget-container\">\n\t\t\t\t\t        <div class=\"spyrit-elementor-widget widget-button\">\n            <a href=\"https:\/\/www.fondationdonbosco.org\/en\/contactez-nous\/\" class=\"custom-btn btn-red\" title=\"I am contacting the Foundation\" target=\"_blank\">\n                I am contacting the Foundation                            <\/a>\n        <\/div>\n        \t\t\t\t<\/div>\n\t\t\t\t<\/div>\n\t\t\t\t<\/div>\n\t\t\t\t<\/div>\n\t\t\t\t<\/div>\n\t\t\t\t\t<\/div>\n\t\t\t\t<\/div>\n\t\t\t\t<\/div>","protected":false},"excerpt":{"rendered":"<p>Transmettre tout ou partie de vos biens, c\u2019est faire perdurer votre g\u00e9n\u00e9rosit\u00e9 et votre m\u00e9moire jusqu\u2019\u00e0 la fin de votre vie et au-del\u00e0. Patrick Loyer Responsable legs et donations L\u00e9guer [&hellip;]<\/p>\n","protected":false},"author":1,"featured_media":0,"parent":71,"menu_order":2,"comment_status":"closed","ping_status":"closed","template":"","meta":{"_acf_changed":false,"footnotes":""},"class_list":["post-92","page","type-page","status-publish","hentry"],"acf":[],"yoast_head":"<!-- This site is optimized with the Yoast SEO plugin v27.2 - https:\/\/yoast.com\/product\/yoast-seo-wordpress\/ -->\n<title>Transmettre son patrimoine - Fondation Don Bosco<\/title>\n<meta name=\"description\" content=\"Transmettre tout ou partie de vos biens, c\u2019est faire perdurer votre g\u00e9n\u00e9rosit\u00e9 et votre m\u00e9moire jusqu\u2019\u00e0 la fin de votre vie et au-del\u00e0. Patrick\" \/>\n<meta name=\"robots\" content=\"index, follow, max-snippet:-1, max-image-preview:large, max-video-preview:-1\" \/>\n<link rel=\"canonical\" href=\"https:\/\/www.fondationdonbosco.org\/en\/nous-aider\/transmettre-son-patrimoine\/\" \/>\n<meta property=\"og:locale\" content=\"en_US\" \/>\n<meta property=\"og:type\" content=\"article\" \/>\n<meta property=\"og:title\" content=\"Transmettre son patrimoine - Fondation Don Bosco\" \/>\n<meta property=\"og:description\" content=\"Transmettre tout ou partie de vos biens, c\u2019est faire perdurer votre g\u00e9n\u00e9rosit\u00e9 et votre m\u00e9moire jusqu\u2019\u00e0 la fin de votre vie et au-del\u00e0. Patrick\" \/>\n<meta property=\"og:url\" content=\"https:\/\/www.fondationdonbosco.org\/en\/nous-aider\/transmettre-son-patrimoine\/\" \/>\n<meta property=\"og:site_name\" content=\"Fondation Don Bosco\" \/>\n<meta property=\"article:modified_time\" content=\"2026-03-18T14:08:04+00:00\" \/>\n<meta property=\"og:image\" content=\"https:\/\/www.fondationdonbosco.org\/wp-content\/uploads\/2026\/03\/patrick-loyer.jpg\" \/>\n\t<meta property=\"og:image:width\" content=\"222\" \/>\n\t<meta property=\"og:image:height\" content=\"201\" \/>\n\t<meta property=\"og:image:type\" content=\"image\/jpeg\" \/>\n<meta name=\"twitter:card\" content=\"summary_large_image\" \/>\n<meta name=\"twitter:label1\" content=\"Est. reading time\" \/>\n\t<meta name=\"twitter:data1\" content=\"1 minute\" \/>\n<script type=\"application\/ld+json\" class=\"yoast-schema-graph\">{\"@context\":\"https:\/\/schema.org\",\"@graph\":[{\"@type\":\"WebPage\",\"@id\":\"https:\/\/www.fondationdonbosco.org\/nous-aider\/transmettre-son-patrimoine\/\",\"url\":\"https:\/\/www.fondationdonbosco.org\/nous-aider\/transmettre-son-patrimoine\/\",\"name\":\"Transmettre son patrimoine - Fondation Don Bosco\",\"isPartOf\":{\"@id\":\"https:\/\/www.fondationdonbosco.org\/#website\"},\"primaryImageOfPage\":{\"@id\":\"https:\/\/www.fondationdonbosco.org\/nous-aider\/transmettre-son-patrimoine\/#primaryimage\"},\"image\":{\"@id\":\"https:\/\/www.fondationdonbosco.org\/nous-aider\/transmettre-son-patrimoine\/#primaryimage\"},\"thumbnailUrl\":\"https:\/\/www.fondationdonbosco.org\/wp-content\/uploads\/2026\/03\/patrick-loyer.jpg\",\"datePublished\":\"2026-01-29T13:20:29+00:00\",\"dateModified\":\"2026-03-18T14:08:04+00:00\",\"description\":\"Transmettre tout ou partie de vos biens, c\u2019est faire perdurer votre g\u00e9n\u00e9rosit\u00e9 et votre m\u00e9moire jusqu\u2019\u00e0 la fin de votre vie et au-del\u00e0. Patrick\",\"breadcrumb\":{\"@id\":\"https:\/\/www.fondationdonbosco.org\/nous-aider\/transmettre-son-patrimoine\/#breadcrumb\"},\"inLanguage\":\"en-US\",\"potentialAction\":[{\"@type\":\"ReadAction\",\"target\":[\"https:\/\/www.fondationdonbosco.org\/nous-aider\/transmettre-son-patrimoine\/\"]}]},{\"@type\":\"ImageObject\",\"inLanguage\":\"en-US\",\"@id\":\"https:\/\/www.fondationdonbosco.org\/nous-aider\/transmettre-son-patrimoine\/#primaryimage\",\"url\":\"https:\/\/www.fondationdonbosco.org\/wp-content\/uploads\/2026\/03\/patrick-loyer.jpg\",\"contentUrl\":\"https:\/\/www.fondationdonbosco.org\/wp-content\/uploads\/2026\/03\/patrick-loyer.jpg\"},{\"@type\":\"BreadcrumbList\",\"@id\":\"https:\/\/www.fondationdonbosco.org\/nous-aider\/transmettre-son-patrimoine\/#breadcrumb\",\"itemListElement\":[{\"@type\":\"ListItem\",\"position\":1,\"name\":\"Accueil\",\"item\":\"https:\/\/www.fondationdonbosco.org\/\"},{\"@type\":\"ListItem\",\"position\":2,\"name\":\"Nous aider\",\"item\":\"https:\/\/www.fondationdonbosco.org\/nous-aider\/\"},{\"@type\":\"ListItem\",\"position\":3,\"name\":\"Transmettre son patrimoine\"}]},{\"@type\":\"WebSite\",\"@id\":\"https:\/\/www.fondationdonbosco.org\/#website\",\"url\":\"https:\/\/www.fondationdonbosco.org\/\",\"name\":\"Fondation Don Bosco\",\"description\":\"Fondation reconnue d\u2019utilit\u00e9 publique depuis 1986\",\"potentialAction\":[{\"@type\":\"SearchAction\",\"target\":{\"@type\":\"EntryPoint\",\"urlTemplate\":\"https:\/\/www.fondationdonbosco.org\/?s={search_term_string}\"},\"query-input\":{\"@type\":\"PropertyValueSpecification\",\"valueRequired\":true,\"valueName\":\"search_term_string\"}}],\"inLanguage\":\"en-US\"}]}<\/script>\n<!-- \/ Yoast SEO plugin. -->","yoast_head_json":{"title":"Transmettre son patrimoine - Fondation Don Bosco","description":"Transmettre tout ou partie de vos biens, c\u2019est faire perdurer votre g\u00e9n\u00e9rosit\u00e9 et votre m\u00e9moire jusqu\u2019\u00e0 la fin de votre vie et au-del\u00e0. Patrick","robots":{"index":"index","follow":"follow","max-snippet":"max-snippet:-1","max-image-preview":"max-image-preview:large","max-video-preview":"max-video-preview:-1"},"canonical":"https:\/\/www.fondationdonbosco.org\/en\/nous-aider\/transmettre-son-patrimoine\/","og_locale":"en_US","og_type":"article","og_title":"Transmettre son patrimoine - Fondation Don Bosco","og_description":"Transmettre tout ou partie de vos biens, c\u2019est faire perdurer votre g\u00e9n\u00e9rosit\u00e9 et votre m\u00e9moire jusqu\u2019\u00e0 la fin de votre vie et au-del\u00e0. Patrick","og_url":"https:\/\/www.fondationdonbosco.org\/en\/nous-aider\/transmettre-son-patrimoine\/","og_site_name":"Fondation Don Bosco","article_modified_time":"2026-03-18T14:08:04+00:00","og_image":[{"width":222,"height":201,"url":"https:\/\/www.fondationdonbosco.org\/wp-content\/uploads\/2026\/03\/patrick-loyer.jpg","type":"image\/jpeg"}],"twitter_card":"summary_large_image","twitter_misc":{"Est. reading time":"1 minute"},"schema":{"@context":"https:\/\/schema.org","@graph":[{"@type":"WebPage","@id":"https:\/\/www.fondationdonbosco.org\/nous-aider\/transmettre-son-patrimoine\/","url":"https:\/\/www.fondationdonbosco.org\/nous-aider\/transmettre-son-patrimoine\/","name":"Transmettre son patrimoine - Fondation Don Bosco","isPartOf":{"@id":"https:\/\/www.fondationdonbosco.org\/#website"},"primaryImageOfPage":{"@id":"https:\/\/www.fondationdonbosco.org\/nous-aider\/transmettre-son-patrimoine\/#primaryimage"},"image":{"@id":"https:\/\/www.fondationdonbosco.org\/nous-aider\/transmettre-son-patrimoine\/#primaryimage"},"thumbnailUrl":"https:\/\/www.fondationdonbosco.org\/wp-content\/uploads\/2026\/03\/patrick-loyer.jpg","datePublished":"2026-01-29T13:20:29+00:00","dateModified":"2026-03-18T14:08:04+00:00","description":"Transmettre tout ou partie de vos biens, c\u2019est faire perdurer votre g\u00e9n\u00e9rosit\u00e9 et votre m\u00e9moire jusqu\u2019\u00e0 la fin de votre vie et au-del\u00e0. Patrick","breadcrumb":{"@id":"https:\/\/www.fondationdonbosco.org\/nous-aider\/transmettre-son-patrimoine\/#breadcrumb"},"inLanguage":"en-US","potentialAction":[{"@type":"ReadAction","target":["https:\/\/www.fondationdonbosco.org\/nous-aider\/transmettre-son-patrimoine\/"]}]},{"@type":"ImageObject","inLanguage":"en-US","@id":"https:\/\/www.fondationdonbosco.org\/nous-aider\/transmettre-son-patrimoine\/#primaryimage","url":"https:\/\/www.fondationdonbosco.org\/wp-content\/uploads\/2026\/03\/patrick-loyer.jpg","contentUrl":"https:\/\/www.fondationdonbosco.org\/wp-content\/uploads\/2026\/03\/patrick-loyer.jpg"},{"@type":"BreadcrumbList","@id":"https:\/\/www.fondationdonbosco.org\/nous-aider\/transmettre-son-patrimoine\/#breadcrumb","itemListElement":[{"@type":"ListItem","position":1,"name":"Accueil","item":"https:\/\/www.fondationdonbosco.org\/"},{"@type":"ListItem","position":2,"name":"Nous aider","item":"https:\/\/www.fondationdonbosco.org\/nous-aider\/"},{"@type":"ListItem","position":3,"name":"Transmettre son patrimoine"}]},{"@type":"WebSite","@id":"https:\/\/www.fondationdonbosco.org\/#website","url":"https:\/\/www.fondationdonbosco.org\/","name":"Don Bosco Foundation","description":"Foundation recognized as being of public utility since 1986","potentialAction":[{"@type":"SearchAction","target":{"@type":"EntryPoint","urlTemplate":"https:\/\/www.fondationdonbosco.org\/?s={search_term_string}"},"query-input":{"@type":"PropertyValueSpecification","valueRequired":true,"valueName":"search_term_string"}}],"inLanguage":"en-US"}]}},"_links":{"self":[{"href":"https:\/\/www.fondationdonbosco.org\/en\/wp-json\/wp\/v2\/pages\/92","targetHints":{"allow":["GET"]}}],"collection":[{"href":"https:\/\/www.fondationdonbosco.org\/en\/wp-json\/wp\/v2\/pages"}],"about":[{"href":"https:\/\/www.fondationdonbosco.org\/en\/wp-json\/wp\/v2\/types\/page"}],"author":[{"embeddable":true,"href":"https:\/\/www.fondationdonbosco.org\/en\/wp-json\/wp\/v2\/users\/1"}],"replies":[{"embeddable":true,"href":"https:\/\/www.fondationdonbosco.org\/en\/wp-json\/wp\/v2\/comments?post=92"}],"version-history":[{"count":10,"href":"https:\/\/www.fondationdonbosco.org\/en\/wp-json\/wp\/v2\/pages\/92\/revisions"}],"predecessor-version":[{"id":1995,"href":"https:\/\/www.fondationdonbosco.org\/en\/wp-json\/wp\/v2\/pages\/92\/revisions\/1995"}],"up":[{"embeddable":true,"href":"https:\/\/www.fondationdonbosco.org\/en\/wp-json\/wp\/v2\/pages\/71"}],"wp:attachment":[{"href":"https:\/\/www.fondationdonbosco.org\/en\/wp-json\/wp\/v2\/media?parent=92"}],"curies":[{"name":"wp","href":"https:\/\/api.w.org\/{rel}","templated":true}]}}