{"id":81,"date":"2026-01-29T14:16:48","date_gmt":"2026-01-29T13:16:48","guid":{"rendered":"https:\/\/www.fondationdonbosco.org\/histoire-de-la-fondation-bon-bosco\/"},"modified":"2026-03-17T15:02:47","modified_gmt":"2026-03-17T14:02:47","slug":"histoire-de-la-fondation-bon-bosco","status":"publish","type":"page","link":"https:\/\/www.fondationdonbosco.org\/en\/la-fondation\/histoire-de-la-fondation-bon-bosco\/","title":{"rendered":"History of the Don Bosco Foundation"},"content":{"rendered":"<div data-elementor-type=\"wp-page\" data-elementor-id=\"81\" class=\"elementor elementor-81\" data-elementor-post-type=\"page\">\n\t\t\t\t<div class=\"elementor-element elementor-element-e86c2f8 e-flex e-con-boxed e-con e-parent\" data-id=\"e86c2f8\" data-element_type=\"container\" data-e-type=\"container\">\n\t\t\t\t\t<div class=\"e-con-inner\">\n\t\t<div class=\"elementor-element elementor-element-38849eb3 e-con-full e-flex e-con e-child\" data-id=\"38849eb3\" data-element_type=\"container\" data-e-type=\"container\">\n\t\t<div class=\"elementor-element elementor-element-631bdb8e e-con-full e-flex e-con e-child\" data-id=\"631bdb8e\" data-element_type=\"container\" data-e-type=\"container\">\n\t\t\t\t<div class=\"elementor-element elementor-element-6ee4fe55 elementor-widget elementor-widget-heading\" data-id=\"6ee4fe55\" data-element_type=\"widget\" data-e-type=\"widget\" data-widget_type=\"heading.default\">\n\t\t\t\t\t<h2 class=\"elementor-heading-title elementor-size-default\"><br>The Don Bosco Foundation: over 40 years of history<\/h2>\t\t\t\t<\/div>\n\t\t<div class=\"elementor-element elementor-element-175ad742 e-con-full e-flex e-con e-child\" data-id=\"175ad742\" data-element_type=\"container\" data-e-type=\"container\" data-settings=\"{&quot;background_background&quot;:&quot;classic&quot;}\">\n\t\t\t\t<div class=\"elementor-element elementor-element-54d67f88 elementor-widget elementor-widget-image\" data-id=\"54d67f88\" data-element_type=\"widget\" data-e-type=\"widget\" data-widget_type=\"image.default\">\n\t\t\t\t\t\t\t\t\t\t\t\t\t\t\t<img fetchpriority=\"high\" decoding=\"async\" width=\"800\" height=\"801\" src=\"https:\/\/www.fondationdonbosco.org\/wp-content\/uploads\/2026\/03\/sebastien-robert.jpg\" class=\"attachment-large size-large wp-image-1169\" alt=\"\" srcset=\"https:\/\/www.fondationdonbosco.org\/wp-content\/uploads\/2026\/03\/sebastien-robert.jpg 838w, https:\/\/www.fondationdonbosco.org\/wp-content\/uploads\/2026\/03\/sebastien-robert-300x300.jpg 300w, https:\/\/www.fondationdonbosco.org\/wp-content\/uploads\/2026\/03\/sebastien-robert-150x150.jpg 150w, https:\/\/www.fondationdonbosco.org\/wp-content\/uploads\/2026\/03\/sebastien-robert-768x769.jpg 768w, https:\/\/www.fondationdonbosco.org\/wp-content\/uploads\/2026\/03\/sebastien-robert-100x100.jpg 100w, https:\/\/www.fondationdonbosco.org\/wp-content\/uploads\/2026\/03\/sebastien-robert-70x70.jpg 70w\" sizes=\"(max-width: 800px) 100vw, 800px\" \/>\t\t\t\t\t\t\t\t\t\t\t\t\t\t\t<\/div>\n\t\t<div class=\"elementor-element elementor-element-5a7c8365 e-con-full e-flex e-con e-child\" data-id=\"5a7c8365\" data-element_type=\"container\" data-e-type=\"container\">\n\t\t\t\t<div class=\"elementor-element elementor-element-10d2bde6 elementor-widget elementor-widget-text-editor\" data-id=\"10d2bde6\" data-element_type=\"widget\" data-e-type=\"widget\" data-widget_type=\"text-editor.default\">\n\t\t\t\t\t\t\t\t\t<p>S\u00e9bastien Robert<\/p>\t\t\t\t\t\t\t\t<\/div>\n\t\t\t\t<div class=\"elementor-element elementor-element-6df77ba8 elementor-widget elementor-widget-text-editor\" data-id=\"6df77ba8\" data-element_type=\"widget\" data-e-type=\"widget\" data-widget_type=\"text-editor.default\">\n\t\t\t\t\t\t\t\t\t<p>Treasurer of the Foundation<\/p>\t\t\t\t\t\t\t\t<\/div>\n\t\t\t\t<\/div>\n\t\t\t\t<\/div>\n\t\t\t\t<\/div>\n\t\t\t\t<\/div>\n\t\t\t\t<div class=\"elementor-element elementor-element-27ecfaa7 elementor-widget elementor-widget-image\" data-id=\"27ecfaa7\" data-element_type=\"widget\" data-e-type=\"widget\" data-widget_type=\"image.default\">\n\t\t\t\t\t\t\t\t\t\t\t\t\t\t\t<img decoding=\"async\" width=\"780\" height=\"328\" src=\"https:\/\/www.fondationdonbosco.org\/wp-content\/uploads\/2026\/03\/histoire-de-la-fondation-don-bosco-min.jpg\" class=\"attachment-large size-large wp-image-1265\" alt=\"\" srcset=\"https:\/\/www.fondationdonbosco.org\/wp-content\/uploads\/2026\/03\/histoire-de-la-fondation-don-bosco-min.jpg 780w, https:\/\/www.fondationdonbosco.org\/wp-content\/uploads\/2026\/03\/histoire-de-la-fondation-don-bosco-min-300x126.jpg 300w, https:\/\/www.fondationdonbosco.org\/wp-content\/uploads\/2026\/03\/histoire-de-la-fondation-don-bosco-min-768x323.jpg 768w, https:\/\/www.fondationdonbosco.org\/wp-content\/uploads\/2026\/03\/histoire-de-la-fondation-don-bosco-min-166x70.jpg 166w\" sizes=\"(max-width: 780px) 100vw, 780px\" \/>\t\t\t\t\t\t\t\t\t\t\t\t\t\t\t<\/div>\n\t\t<div class=\"elementor-element elementor-element-49b37e99 e-grid e-con-full e-con e-child\" data-id=\"49b37e99\" data-element_type=\"container\" data-e-type=\"container\">\n\t\t<div class=\"elementor-element elementor-element-6269fddb e-con-full e-flex e-con e-child\" data-id=\"6269fddb\" data-element_type=\"container\" data-e-type=\"container\">\n\t\t\t\t<div class=\"elementor-element elementor-element-32aab069 elementor-widget elementor-widget-text-editor\" data-id=\"32aab069\" data-element_type=\"widget\" data-e-type=\"widget\" data-widget_type=\"text-editor.default\">\n\t\t\t\t\t\t\t\t\t<p><strong>The Foundation's name was chosen in reference to the great educator that was John Bosco.<\/strong><\/p>\t\t\t\t\t\t\t\t<\/div>\n\t\t\t\t<div class=\"elementor-element elementor-element-6746c24a elementor-widget elementor-widget-heading\" data-id=\"6746c24a\" data-element_type=\"widget\" data-e-type=\"widget\" data-widget_type=\"heading.default\">\n\t\t\t\t\t<h2 class=\"elementor-heading-title elementor-size-default\">It all started with a meeting<\/h2>\t\t\t\t<\/div>\n\t\t\t\t<div class=\"elementor-element elementor-element-27577b0e elementor-widget elementor-widget-text-editor\" data-id=\"27577b0e\" data-element_type=\"widget\" data-e-type=\"widget\" data-widget_type=\"text-editor.default\">\n\t\t\t\t\t\t\t\t\t<p>This young priest welcomed a young orphan for the first time on December 8, 1841, Barth\u00e9lemy Garelli. He was the cornerstone of his work.<\/p><p>In Turin, while visiting prisons, John Bosco perceived the need for his work. In a poor district of the city, Valdocco, he launched his first \u00aboratories\u00bb (shelters for recreational and cultural activities and for deepening Christian life).<\/p><p>In 1859, with young people living with him, he founded the Society of Saint Francis de Sales, now called the \u00abSalesians.\u00bb.<br \/>In 1872, he founded a women's institute which he entrusted to Marie-Dominique Mazzarello, the Salesian Sisters of Don Bosco.<br \/>In 1875, the Salesians crossed borders and settled in France and South America.<br \/>Popular writer, builder, founder of religious institutes, confidant of Pope Pius IX, he died in Turin on January 31, 1888. On Easter Day 1934, he was canonized. In January 1988, John Paul II proclaimed him \u00abFather and Teacher of Youth.\u00bb.<\/p>\t\t\t\t\t\t\t\t<\/div>\n\t\t\t\t<\/div>\n\t\t<div class=\"elementor-element elementor-element-1b2191dd e-con-full e-flex e-con e-child\" data-id=\"1b2191dd\" data-element_type=\"container\" data-e-type=\"container\">\n\t\t<div class=\"elementor-element elementor-element-5fa88c5 e-con-full e-flex e-con e-child\" data-id=\"5fa88c5\" data-element_type=\"container\" data-e-type=\"container\">\n\t\t\t\t<div class=\"elementor-element elementor-element-6883ff00 elementor-widget elementor-widget-heading\" data-id=\"6883ff00\" data-element_type=\"widget\" data-e-type=\"widget\" data-widget_type=\"heading.default\">\n\t\t\t\t\t<h2 class=\"elementor-heading-title elementor-size-default\">Her educational method is based on trust.<\/h2>\t\t\t\t<\/div>\n\t\t\t\t<div class=\"elementor-element elementor-element-27567779 elementor-widget elementor-widget-text-editor\" data-id=\"27567779\" data-element_type=\"widget\" data-e-type=\"widget\" data-widget_type=\"text-editor.default\">\n\t\t\t\t\t\t\t\t\t<p>It discerns and develops each person's potential by relying on reason and intelligence, on the heart and affection, and on a search for meaning.<br \/>This method, centered on the educational relationship, is all the more relevant today as it is also effective in helping young people in great difficulty.<\/p><p>Today, Don Bosco houses are present in over 130 countries and welcome more than 2 million young people in nearly 8,500 diverse works.<\/p><p><em>The Don Bosco Foundation in France was recognized as being of public utility by a decree dated January 20, 1986. The Don Bosco Foundation in Belgium, created in 2021, is of public utility.<\/em><\/p>\t\t\t\t\t\t\t\t<\/div>\n\t\t\t\t<\/div>\n\t\t<div class=\"elementor-element elementor-element-7fa75396 e-con-full e-flex e-con e-child\" data-id=\"7fa75396\" data-element_type=\"container\" data-e-type=\"container\" data-settings=\"{&quot;background_background&quot;:&quot;classic&quot;}\">\n\t\t\t\t<div class=\"elementor-element elementor-element-7365c040 elementor-widget elementor-widget-text-editor\" data-id=\"7365c040\" data-element_type=\"widget\" data-e-type=\"widget\" data-widget_type=\"text-editor.default\">\n\t\t\t\t\t\t\t\t\t<p>\u00abWithout affection, there is no trust. Without trust, there is no education.\u00bb<\/p>\t\t\t\t\t\t\t\t<\/div>\n\t\t\t\t<div class=\"elementor-element elementor-element-cf372b2 elementor-widget elementor-widget-text-editor\" data-id=\"cf372b2\" data-element_type=\"widget\" data-e-type=\"widget\" data-widget_type=\"text-editor.default\">\n\t\t\t\t\t\t\t\t\t<p>Saint John Bosco<\/p>\t\t\t\t\t\t\t\t<\/div>\n\t\t\t\t<\/div>\n\t\t\t\t<\/div>\n\t\t\t\t<\/div>\n\t\t\t\t\t<\/div>\n\t\t\t\t<\/div>\n\t\t<div class=\"elementor-element elementor-element-767916f e-flex e-con-boxed e-con e-parent\" data-id=\"767916f\" data-element_type=\"container\" data-e-type=\"container\" data-settings=\"{&quot;background_background&quot;:&quot;classic&quot;}\">\n\t\t\t\t\t<div class=\"e-con-inner\">\n\t\t<div class=\"elementor-element elementor-element-571efa76 e-con-full e-flex e-con e-child\" data-id=\"571efa76\" data-element_type=\"container\" data-e-type=\"container\">\n\t\t\t\t<div class=\"elementor-element elementor-element-7980c56c elementor-widget elementor-widget-image\" data-id=\"7980c56c\" data-element_type=\"widget\" data-e-type=\"widget\" data-widget_type=\"image.default\">\n\t\t\t\t\t\t\t\t\t\t\t\t\t\t\t<img decoding=\"async\" width=\"361\" height=\"271\" src=\"https:\/\/www.fondationdonbosco.org\/wp-content\/uploads\/2026\/03\/don-bosco-histoire.png\" class=\"attachment-large size-large wp-image-1270\" alt=\"\" srcset=\"https:\/\/www.fondationdonbosco.org\/wp-content\/uploads\/2026\/03\/don-bosco-histoire.png 361w, https:\/\/www.fondationdonbosco.org\/wp-content\/uploads\/2026\/03\/don-bosco-histoire-300x225.png 300w, https:\/\/www.fondationdonbosco.org\/wp-content\/uploads\/2026\/03\/don-bosco-histoire-93x70.png 93w\" sizes=\"(max-width: 361px) 100vw, 361px\" \/>\t\t\t\t\t\t\t\t\t\t\t\t\t\t\t<\/div>\n\t\t<div class=\"elementor-element elementor-element-7ef937f8 e-con-full e-flex e-con e-child\" data-id=\"7ef937f8\" data-element_type=\"container\" data-e-type=\"container\">\n\t\t\t\t<div class=\"elementor-element elementor-element-6698620 elementor-widget elementor-widget-text-editor\" data-id=\"6698620\" data-element_type=\"widget\" data-e-type=\"widget\" data-widget_type=\"text-editor.default\">\n\t\t\t\t\t\t\t\t\t<p>Jean Bosco, A Vocation<\/p>\t\t\t\t\t\t\t\t<\/div>\n\t\t\t\t<div class=\"elementor-element elementor-element-3f09e63d elementor-widget elementor-widget-text-editor\" data-id=\"3f09e63d\" data-element_type=\"widget\" data-e-type=\"widget\" data-widget_type=\"text-editor.default\">\n\t\t\t\t\t\t\t\t\t<p>Born on August 16, 1845, in the Becchi, a small hamlet in Italian Piedmont, John Bosco was raised on the family farm by his mother, who was widowed with three children when he was two years old. Even at a young age, he already had a strong influence on children his age with whom he played and prayed.<\/p><p>At the age of 9, Jean Bosco had a dream that greatly impressed him and marked the rest of his life: his vocation as an educator, a priest serving young people, guiding them with patience and kindness.<\/p>\t\t\t\t\t\t\t\t<\/div>\n\t\t\t\t<div class=\"elementor-element elementor-element-6006d991 elementor-widget elementor-widget-spyrit_elementor_widget_button\" data-id=\"6006d991\" data-element_type=\"widget\" data-e-type=\"widget\" data-widget_type=\"spyrit_elementor_widget_button.default\">\n\t\t\t\t<div class=\"elementor-widget-container\">\n\t\t\t\t\t        <div class=\"spyrit-elementor-widget widget-button\">\n            <a href=\"https:\/\/www.salesien.com\/articles_sdb\/don-bosco-2\/\" class=\"custom-btn btn-outline-primary\" title=\"Discover the history of Don Bosco\" target=\"_blank\">\n                Discover the history of Don Bosco                            <\/a>\n        <\/div>\n        \t\t\t\t<\/div>\n\t\t\t\t<\/div>\n\t\t\t\t<\/div>\n\t\t\t\t<\/div>\n\t\t\t\t\t<\/div>\n\t\t\t\t<\/div>\n\t\t<div class=\"elementor-element elementor-element-23a029a1 e-flex e-con-boxed e-con e-parent\" data-id=\"23a029a1\" data-element_type=\"container\" data-e-type=\"container\" data-settings=\"{&quot;background_background&quot;:&quot;classic&quot;}\">\n\t\t\t\t\t<div class=\"e-con-inner\">\n\t\t<div class=\"elementor-element elementor-element-5e90a5ec e-con-full e-flex e-con e-child\" data-id=\"5e90a5ec\" data-element_type=\"container\" data-e-type=\"container\">\n\t\t<div class=\"elementor-element elementor-element-1c3f9de6 e-con-full e-flex e-con e-child\" data-id=\"1c3f9de6\" data-element_type=\"container\" data-e-type=\"container\">\n\t\t\t\t<div class=\"elementor-element elementor-element-74d364ad elementor-widget elementor-widget-text-editor\" data-id=\"74d364ad\" data-element_type=\"widget\" data-e-type=\"widget\" data-widget_type=\"text-editor.default\">\n\t\t\t\t\t\t\t\t\t<p>Jean Bosco, the great educator<\/p>\t\t\t\t\t\t\t\t<\/div>\n\t\t\t\t<div class=\"elementor-element elementor-element-3454cfe5 elementor-widget elementor-widget-text-editor\" data-id=\"3454cfe5\" data-element_type=\"widget\" data-e-type=\"widget\" data-widget_type=\"text-editor.default\">\n\t\t\t\t\t\t\t\t\t<p>As a young priest in Turin, he was immediately struck by the sight of children and young people left to their own devices on the streets, without work or guidance.<\/p><p><strong>He then makes the decision to dedicate his life to young people to save them. <\/strong><\/p><p>On December 8, 1841, in the church of St. Francis of Assisi, he met Bartholomew Garelli, the first of a multitude of young boys. This is how the Oratory began, itinerant at first, then, from 1846, permanently established in the Valdocco district. Boys then flocked in the hundreds: they studied and learned a trade in the workshops that Don Bosco had built for them.<\/p>\t\t\t\t\t\t\t\t<\/div>\n\t\t\t\t<div class=\"elementor-element elementor-element-34b25b51 elementor-widget elementor-widget-spyrit_elementor_widget_button\" data-id=\"34b25b51\" data-element_type=\"widget\" data-e-type=\"widget\" data-widget_type=\"spyrit_elementor_widget_button.default\">\n\t\t\t\t<div class=\"elementor-widget-container\">\n\t\t\t\t\t        <div class=\"spyrit-elementor-widget widget-button\">\n            <a href=\"https:\/\/www.salesien.com\/articles_sdb\/don-bosco-2\/\" class=\"custom-btn btn-outline-primary\" title=\"Discover the history of Don Bosco\" target=\"_blank\">\n                Discover the history of Don Bosco                            <\/a>\n        <\/div>\n        \t\t\t\t<\/div>\n\t\t\t\t<\/div>\n\t\t\t\t<\/div>\n\t\t\t\t<div class=\"elementor-element elementor-element-d8a59d3 elementor-widget elementor-widget-image\" data-id=\"d8a59d3\" data-element_type=\"widget\" data-e-type=\"widget\" data-widget_type=\"image.default\">\n\t\t\t\t\t\t\t\t\t\t\t\t\t\t\t<img loading=\"lazy\" decoding=\"async\" width=\"325\" height=\"361\" src=\"https:\/\/www.fondationdonbosco.org\/wp-content\/uploads\/2026\/03\/don-bosco-2-video-histoire.png\" class=\"attachment-large size-large wp-image-1271\" alt=\"\" srcset=\"https:\/\/www.fondationdonbosco.org\/wp-content\/uploads\/2026\/03\/don-bosco-2-video-histoire.png 325w, https:\/\/www.fondationdonbosco.org\/wp-content\/uploads\/2026\/03\/don-bosco-2-video-histoire-270x300.png 270w, https:\/\/www.fondationdonbosco.org\/wp-content\/uploads\/2026\/03\/don-bosco-2-video-histoire-63x70.png 63w\" sizes=\"(max-width: 325px) 100vw, 325px\" \/>\t\t\t\t\t\t\t\t\t\t\t\t\t\t\t<\/div>\n\t\t\t\t<\/div>\n\t\t\t\t\t<\/div>\n\t\t\t\t<\/div>\n\t\t\t\t<\/div>","protected":false},"excerpt":{"rendered":"<p>La Fondation Don Bosco : plus de 40 ans d&rsquo;histoire S\u00e9bastien Robert Tr\u00e9sorier de la Fondation Le nom de la Fondation a \u00e9t\u00e9 choisi en r\u00e9f\u00e9rence au grand \u00e9ducateur qu\u2019a [&hellip;]<\/p>\n","protected":false},"author":1,"featured_media":0,"parent":65,"menu_order":5,"comment_status":"closed","ping_status":"closed","template":"","meta":{"_acf_changed":false,"footnotes":""},"class_list":["post-81","page","type-page","status-publish","hentry"],"acf":[],"yoast_head":"<!-- This site is optimized with the Yoast SEO plugin v27.2 - https:\/\/yoast.com\/product\/yoast-seo-wordpress\/ -->\n<title>Histoire de la Fondation Bon Bosco - Fondation Don Bosco<\/title>\n<meta name=\"description\" content=\"La Fondation Don Bosco : plus de 40 ans d&#039;histoire S\u00e9bastien RobertTr\u00e9sorier de la Fondation Le nom de la Fondation a \u00e9t\u00e9 choisi en r\u00e9f\u00e9rence au grand\" \/>\n<meta name=\"robots\" content=\"index, follow, max-snippet:-1, max-image-preview:large, max-video-preview:-1\" \/>\n<link rel=\"canonical\" href=\"https:\/\/www.fondationdonbosco.org\/en\/la-fondation\/histoire-de-la-fondation-bon-bosco\/\" \/>\n<meta property=\"og:locale\" content=\"en_US\" \/>\n<meta property=\"og:type\" content=\"article\" \/>\n<meta property=\"og:title\" content=\"Histoire de la Fondation Bon Bosco - Fondation Don Bosco\" \/>\n<meta property=\"og:description\" content=\"La Fondation Don Bosco : plus de 40 ans d&#039;histoire S\u00e9bastien RobertTr\u00e9sorier de la Fondation Le nom de la Fondation a \u00e9t\u00e9 choisi en r\u00e9f\u00e9rence au grand\" \/>\n<meta property=\"og:url\" content=\"https:\/\/www.fondationdonbosco.org\/en\/la-fondation\/histoire-de-la-fondation-bon-bosco\/\" \/>\n<meta property=\"og:site_name\" content=\"Fondation Don Bosco\" \/>\n<meta property=\"article:modified_time\" content=\"2026-03-17T14:02:47+00:00\" \/>\n<meta property=\"og:image\" content=\"https:\/\/www.fondationdonbosco.org\/wp-content\/uploads\/2026\/03\/sebastien-robert.jpg\" \/>\n\t<meta property=\"og:image:width\" content=\"838\" \/>\n\t<meta property=\"og:image:height\" content=\"839\" \/>\n\t<meta property=\"og:image:type\" content=\"image\/jpeg\" \/>\n<meta name=\"twitter:card\" content=\"summary_large_image\" \/>\n<meta name=\"twitter:label1\" content=\"Est. reading time\" \/>\n\t<meta name=\"twitter:data1\" content=\"1 minute\" \/>\n<script type=\"application\/ld+json\" class=\"yoast-schema-graph\">{\"@context\":\"https:\/\/schema.org\",\"@graph\":[{\"@type\":\"WebPage\",\"@id\":\"https:\/\/www.fondationdonbosco.org\/la-fondation\/histoire-de-la-fondation-bon-bosco\/\",\"url\":\"https:\/\/www.fondationdonbosco.org\/la-fondation\/histoire-de-la-fondation-bon-bosco\/\",\"name\":\"Histoire de la Fondation Bon Bosco - Fondation Don Bosco\",\"isPartOf\":{\"@id\":\"https:\/\/www.fondationdonbosco.org\/#website\"},\"primaryImageOfPage\":{\"@id\":\"https:\/\/www.fondationdonbosco.org\/la-fondation\/histoire-de-la-fondation-bon-bosco\/#primaryimage\"},\"image\":{\"@id\":\"https:\/\/www.fondationdonbosco.org\/la-fondation\/histoire-de-la-fondation-bon-bosco\/#primaryimage\"},\"thumbnailUrl\":\"https:\/\/www.fondationdonbosco.org\/wp-content\/uploads\/2026\/03\/sebastien-robert.jpg\",\"datePublished\":\"2026-01-29T13:16:48+00:00\",\"dateModified\":\"2026-03-17T14:02:47+00:00\",\"description\":\"La Fondation Don Bosco : plus de 40 ans d'histoire S\u00e9bastien RobertTr\u00e9sorier de la Fondation Le nom de la Fondation a \u00e9t\u00e9 choisi en r\u00e9f\u00e9rence au grand\",\"breadcrumb\":{\"@id\":\"https:\/\/www.fondationdonbosco.org\/la-fondation\/histoire-de-la-fondation-bon-bosco\/#breadcrumb\"},\"inLanguage\":\"en-US\",\"potentialAction\":[{\"@type\":\"ReadAction\",\"target\":[\"https:\/\/www.fondationdonbosco.org\/la-fondation\/histoire-de-la-fondation-bon-bosco\/\"]}]},{\"@type\":\"ImageObject\",\"inLanguage\":\"en-US\",\"@id\":\"https:\/\/www.fondationdonbosco.org\/la-fondation\/histoire-de-la-fondation-bon-bosco\/#primaryimage\",\"url\":\"https:\/\/www.fondationdonbosco.org\/wp-content\/uploads\/2026\/03\/sebastien-robert.jpg\",\"contentUrl\":\"https:\/\/www.fondationdonbosco.org\/wp-content\/uploads\/2026\/03\/sebastien-robert.jpg\"},{\"@type\":\"BreadcrumbList\",\"@id\":\"https:\/\/www.fondationdonbosco.org\/la-fondation\/histoire-de-la-fondation-bon-bosco\/#breadcrumb\",\"itemListElement\":[{\"@type\":\"ListItem\",\"position\":1,\"name\":\"Accueil\",\"item\":\"https:\/\/www.fondationdonbosco.org\/\"},{\"@type\":\"ListItem\",\"position\":2,\"name\":\"La Fondation\",\"item\":\"https:\/\/www.fondationdonbosco.org\/la-fondation\/\"},{\"@type\":\"ListItem\",\"position\":3,\"name\":\"Histoire de la Fondation Bon Bosco\"}]},{\"@type\":\"WebSite\",\"@id\":\"https:\/\/www.fondationdonbosco.org\/#website\",\"url\":\"https:\/\/www.fondationdonbosco.org\/\",\"name\":\"Fondation Don Bosco\",\"description\":\"Fondation reconnue d\u2019utilit\u00e9 publique depuis 1986\",\"potentialAction\":[{\"@type\":\"SearchAction\",\"target\":{\"@type\":\"EntryPoint\",\"urlTemplate\":\"https:\/\/www.fondationdonbosco.org\/?s={search_term_string}\"},\"query-input\":{\"@type\":\"PropertyValueSpecification\",\"valueRequired\":true,\"valueName\":\"search_term_string\"}}],\"inLanguage\":\"en-US\"}]}<\/script>\n<!-- \/ Yoast SEO plugin. -->","yoast_head_json":{"title":"Histoire de la Fondation Bon Bosco - Fondation Don Bosco","description":"La Fondation Don Bosco : plus de 40 ans d'histoire S\u00e9bastien RobertTr\u00e9sorier de la Fondation Le nom de la Fondation a \u00e9t\u00e9 choisi en r\u00e9f\u00e9rence au grand","robots":{"index":"index","follow":"follow","max-snippet":"max-snippet:-1","max-image-preview":"max-image-preview:large","max-video-preview":"max-video-preview:-1"},"canonical":"https:\/\/www.fondationdonbosco.org\/en\/la-fondation\/histoire-de-la-fondation-bon-bosco\/","og_locale":"en_US","og_type":"article","og_title":"Histoire de la Fondation Bon Bosco - Fondation Don Bosco","og_description":"La Fondation Don Bosco : plus de 40 ans d'histoire S\u00e9bastien RobertTr\u00e9sorier de la Fondation Le nom de la Fondation a \u00e9t\u00e9 choisi en r\u00e9f\u00e9rence au grand","og_url":"https:\/\/www.fondationdonbosco.org\/en\/la-fondation\/histoire-de-la-fondation-bon-bosco\/","og_site_name":"Fondation Don Bosco","article_modified_time":"2026-03-17T14:02:47+00:00","og_image":[{"width":838,"height":839,"url":"https:\/\/www.fondationdonbosco.org\/wp-content\/uploads\/2026\/03\/sebastien-robert.jpg","type":"image\/jpeg"}],"twitter_card":"summary_large_image","twitter_misc":{"Est. reading time":"1 minute"},"schema":{"@context":"https:\/\/schema.org","@graph":[{"@type":"WebPage","@id":"https:\/\/www.fondationdonbosco.org\/la-fondation\/histoire-de-la-fondation-bon-bosco\/","url":"https:\/\/www.fondationdonbosco.org\/la-fondation\/histoire-de-la-fondation-bon-bosco\/","name":"Histoire de la Fondation Bon Bosco - Fondation Don Bosco","isPartOf":{"@id":"https:\/\/www.fondationdonbosco.org\/#website"},"primaryImageOfPage":{"@id":"https:\/\/www.fondationdonbosco.org\/la-fondation\/histoire-de-la-fondation-bon-bosco\/#primaryimage"},"image":{"@id":"https:\/\/www.fondationdonbosco.org\/la-fondation\/histoire-de-la-fondation-bon-bosco\/#primaryimage"},"thumbnailUrl":"https:\/\/www.fondationdonbosco.org\/wp-content\/uploads\/2026\/03\/sebastien-robert.jpg","datePublished":"2026-01-29T13:16:48+00:00","dateModified":"2026-03-17T14:02:47+00:00","description":"La Fondation Don Bosco : plus de 40 ans d'histoire S\u00e9bastien RobertTr\u00e9sorier de la Fondation Le nom de la Fondation a \u00e9t\u00e9 choisi en r\u00e9f\u00e9rence au grand","breadcrumb":{"@id":"https:\/\/www.fondationdonbosco.org\/la-fondation\/histoire-de-la-fondation-bon-bosco\/#breadcrumb"},"inLanguage":"en-US","potentialAction":[{"@type":"ReadAction","target":["https:\/\/www.fondationdonbosco.org\/la-fondation\/histoire-de-la-fondation-bon-bosco\/"]}]},{"@type":"ImageObject","inLanguage":"en-US","@id":"https:\/\/www.fondationdonbosco.org\/la-fondation\/histoire-de-la-fondation-bon-bosco\/#primaryimage","url":"https:\/\/www.fondationdonbosco.org\/wp-content\/uploads\/2026\/03\/sebastien-robert.jpg","contentUrl":"https:\/\/www.fondationdonbosco.org\/wp-content\/uploads\/2026\/03\/sebastien-robert.jpg"},{"@type":"BreadcrumbList","@id":"https:\/\/www.fondationdonbosco.org\/la-fondation\/histoire-de-la-fondation-bon-bosco\/#breadcrumb","itemListElement":[{"@type":"ListItem","position":1,"name":"Accueil","item":"https:\/\/www.fondationdonbosco.org\/"},{"@type":"ListItem","position":2,"name":"La Fondation","item":"https:\/\/www.fondationdonbosco.org\/la-fondation\/"},{"@type":"ListItem","position":3,"name":"Histoire de la Fondation Bon Bosco"}]},{"@type":"WebSite","@id":"https:\/\/www.fondationdonbosco.org\/#website","url":"https:\/\/www.fondationdonbosco.org\/","name":"Don Bosco Foundation","description":"Foundation recognized as being of public utility since 1986","potentialAction":[{"@type":"SearchAction","target":{"@type":"EntryPoint","urlTemplate":"https:\/\/www.fondationdonbosco.org\/?s={search_term_string}"},"query-input":{"@type":"PropertyValueSpecification","valueRequired":true,"valueName":"search_term_string"}}],"inLanguage":"en-US"}]}},"_links":{"self":[{"href":"https:\/\/www.fondationdonbosco.org\/en\/wp-json\/wp\/v2\/pages\/81","targetHints":{"allow":["GET"]}}],"collection":[{"href":"https:\/\/www.fondationdonbosco.org\/en\/wp-json\/wp\/v2\/pages"}],"about":[{"href":"https:\/\/www.fondationdonbosco.org\/en\/wp-json\/wp\/v2\/types\/page"}],"author":[{"embeddable":true,"href":"https:\/\/www.fondationdonbosco.org\/en\/wp-json\/wp\/v2\/users\/1"}],"replies":[{"embeddable":true,"href":"https:\/\/www.fondationdonbosco.org\/en\/wp-json\/wp\/v2\/comments?post=81"}],"version-history":[{"count":10,"href":"https:\/\/www.fondationdonbosco.org\/en\/wp-json\/wp\/v2\/pages\/81\/revisions"}],"predecessor-version":[{"id":1601,"href":"https:\/\/www.fondationdonbosco.org\/en\/wp-json\/wp\/v2\/pages\/81\/revisions\/1601"}],"up":[{"embeddable":true,"href":"https:\/\/www.fondationdonbosco.org\/en\/wp-json\/wp\/v2\/pages\/65"}],"wp:attachment":[{"href":"https:\/\/www.fondationdonbosco.org\/en\/wp-json\/wp\/v2\/media?parent=81"}],"curies":[{"name":"wp","href":"https:\/\/api.w.org\/{rel}","templated":true}]}}