{"id":73,"date":"2026-01-29T14:16:47","date_gmt":"2026-01-29T13:16:47","guid":{"rendered":"https:\/\/www.fondationdonbosco.org\/rapport-annuel\/"},"modified":"2026-03-17T20:58:51","modified_gmt":"2026-03-17T19:58:51","slug":"rapport-annuel","status":"publish","type":"page","link":"https:\/\/www.fondationdonbosco.org\/en\/la-fondation\/rapport-annuel\/","title":{"rendered":"Annual report"},"content":{"rendered":"<div data-elementor-type=\"wp-page\" data-elementor-id=\"73\" class=\"elementor elementor-73\" data-elementor-post-type=\"page\">\n\t\t\t\t<div class=\"elementor-element elementor-element-93f7796 e-flex e-con-boxed e-con e-parent\" data-id=\"93f7796\" data-element_type=\"container\" data-e-type=\"container\">\n\t\t\t\t\t<div class=\"e-con-inner\">\n\t\t<div class=\"elementor-element elementor-element-6363f59 e-con-full e-flex e-con e-child\" data-id=\"6363f59\" data-element_type=\"container\" data-e-type=\"container\">\n\t\t<div class=\"elementor-element elementor-element-e25dcbc e-con-full e-flex e-con e-child\" data-id=\"e25dcbc\" data-element_type=\"container\" data-e-type=\"container\">\n\t\t\t\t<div class=\"elementor-element elementor-element-76bf85a elementor-widget elementor-widget-heading\" data-id=\"76bf85a\" data-element_type=\"widget\" data-e-type=\"widget\" data-widget_type=\"heading.default\">\n\t\t\t\t\t<h2 class=\"elementor-heading-title elementor-size-default\">Our activity reports: discover what we do with the support of our benefactors...<\/h2>\t\t\t\t<\/div>\n\t\t<div class=\"elementor-element elementor-element-91a5540 e-con-full e-flex e-con e-child\" data-id=\"91a5540\" data-element_type=\"container\" data-e-type=\"container\" data-settings=\"{&quot;background_background&quot;:&quot;classic&quot;}\">\n\t\t\t\t<div class=\"elementor-element elementor-element-a33798e elementor-widget elementor-widget-image\" data-id=\"a33798e\" data-element_type=\"widget\" data-e-type=\"widget\" data-widget_type=\"image.default\">\n\t\t\t\t\t\t\t\t\t\t\t\t\t\t\t<img fetchpriority=\"high\" decoding=\"async\" width=\"800\" height=\"801\" src=\"https:\/\/www.fondationdonbosco.org\/wp-content\/uploads\/2026\/03\/sebastien-robert.jpg\" class=\"attachment-large size-large wp-image-1169\" alt=\"\" srcset=\"https:\/\/www.fondationdonbosco.org\/wp-content\/uploads\/2026\/03\/sebastien-robert.jpg 838w, https:\/\/www.fondationdonbosco.org\/wp-content\/uploads\/2026\/03\/sebastien-robert-300x300.jpg 300w, https:\/\/www.fondationdonbosco.org\/wp-content\/uploads\/2026\/03\/sebastien-robert-150x150.jpg 150w, https:\/\/www.fondationdonbosco.org\/wp-content\/uploads\/2026\/03\/sebastien-robert-768x769.jpg 768w, https:\/\/www.fondationdonbosco.org\/wp-content\/uploads\/2026\/03\/sebastien-robert-100x100.jpg 100w, https:\/\/www.fondationdonbosco.org\/wp-content\/uploads\/2026\/03\/sebastien-robert-70x70.jpg 70w\" sizes=\"(max-width: 800px) 100vw, 800px\" \/>\t\t\t\t\t\t\t\t\t\t\t\t\t\t\t<\/div>\n\t\t<div class=\"elementor-element elementor-element-e86c4f4 e-con-full e-flex e-con e-child\" data-id=\"e86c4f4\" data-element_type=\"container\" data-e-type=\"container\">\n\t\t\t\t<div class=\"elementor-element elementor-element-42ea380 elementor-widget elementor-widget-text-editor\" data-id=\"42ea380\" data-element_type=\"widget\" data-e-type=\"widget\" data-widget_type=\"text-editor.default\">\n\t\t\t\t\t\t\t\t\t<p>S\u00e9bastien Robert<\/p>\t\t\t\t\t\t\t\t<\/div>\n\t\t\t\t<div class=\"elementor-element elementor-element-2ae3a65 elementor-widget elementor-widget-text-editor\" data-id=\"2ae3a65\" data-element_type=\"widget\" data-e-type=\"widget\" data-widget_type=\"text-editor.default\">\n\t\t\t\t\t\t\t\t\t<p>Treasurer<\/p>\t\t\t\t\t\t\t\t<\/div>\n\t\t\t\t<\/div>\n\t\t\t\t<\/div>\n\t\t\t\t<\/div>\n\t\t\t\t<\/div>\n\t\t<div class=\"elementor-element elementor-element-a9433ec e-con-full e-flex e-con e-child\" data-id=\"a9433ec\" data-element_type=\"container\" data-e-type=\"container\">\n\t\t\t\t<div class=\"elementor-element elementor-element-5a2ed9b elementor-widget elementor-widget-image\" data-id=\"5a2ed9b\" data-element_type=\"widget\" data-e-type=\"widget\" data-widget_type=\"image.default\">\n\t\t\t\t\t\t\t\t\t\t\t\t\t\t\t\t<a href=\"\/wp-content\/uploads\/2026\/03\/fdb-rapportactivite24-web.pdf\" target=\"_blank\">\n\t\t\t\t\t\t\t<img decoding=\"async\" width=\"800\" height=\"370\" src=\"https:\/\/www.fondationdonbosco.org\/wp-content\/uploads\/2026\/03\/fdb-ra2023-montage-1024x473.png\" class=\"attachment-large size-large wp-image-1170\" alt=\"Fondation Don Bosco Rapport d&#039;activit\u00e9\" srcset=\"https:\/\/www.fondationdonbosco.org\/wp-content\/uploads\/2026\/03\/fdb-ra2023-montage-1024x473.png 1024w, https:\/\/www.fondationdonbosco.org\/wp-content\/uploads\/2026\/03\/fdb-ra2023-montage-300x139.png 300w, https:\/\/www.fondationdonbosco.org\/wp-content\/uploads\/2026\/03\/fdb-ra2023-montage-768x355.png 768w, https:\/\/www.fondationdonbosco.org\/wp-content\/uploads\/2026\/03\/fdb-ra2023-montage-151x70.png 151w, https:\/\/www.fondationdonbosco.org\/wp-content\/uploads\/2026\/03\/fdb-ra2023-montage.png 1400w\" sizes=\"(max-width: 800px) 100vw, 800px\" \/>\t\t\t\t\t\t\t\t<\/a>\n\t\t\t\t\t\t\t\t\t\t\t\t\t\t\t<\/div>\n\t\t\t\t<\/div>\n\t\t\t\t\t<\/div>\n\t\t\t\t<\/div>\n\t\t<div class=\"elementor-element elementor-element-b16e0cd e-flex e-con-boxed e-con e-parent\" data-id=\"b16e0cd\" data-element_type=\"container\" data-e-type=\"container\" data-settings=\"{&quot;background_background&quot;:&quot;classic&quot;}\">\n\t\t\t\t\t<div class=\"e-con-inner\">\n\t\t<div class=\"elementor-element elementor-element-3f34a16 e-con-full e-flex e-con e-child\" data-id=\"3f34a16\" data-element_type=\"container\" data-e-type=\"container\">\n\t\t<div class=\"elementor-element elementor-element-398f3ad e-con-full e-flex e-con e-child\" data-id=\"398f3ad\" data-element_type=\"container\" data-e-type=\"container\">\n\t\t\t\t<div class=\"elementor-element elementor-element-00eaea5 elementor-widget elementor-widget-text-editor\" data-id=\"00eaea5\" data-element_type=\"widget\" data-e-type=\"widget\" data-widget_type=\"text-editor.default\">\n\t\t\t\t\t\t\t\t\t<p>Read or download our latest reports\u2026<\/p>\t\t\t\t\t\t\t\t<\/div>\n\t\t\t\t<div class=\"elementor-element elementor-element-ca020bf elementor-widget elementor-widget-text-editor\" data-id=\"ca020bf\" data-element_type=\"widget\" data-e-type=\"widget\" data-widget_type=\"text-editor.default\">\n\t\t\t\t\t\t\t\t\t<p>Attached are our latest activity reports, which you can download (pdf).<\/p>\t\t\t\t\t\t\t\t<\/div>\n\t\t\t\t<div class=\"elementor-element elementor-element-37ed341 elementor-widget elementor-widget-spyrit_elementor_widget_button\" data-id=\"37ed341\" data-element_type=\"widget\" data-e-type=\"widget\" data-widget_type=\"spyrit_elementor_widget_button.default\">\n\t\t\t\t<div class=\"elementor-widget-container\">\n\t\t\t\t\t        <div class=\"spyrit-elementor-widget widget-button\">\n            <a href=\"\/wp-content\/uploads\/2026\/03\/fdb-rapportactivite24-web.pdf\" class=\"custom-btn btn-orange\" title=\"Download our latest activity report (PDF)\" target=\"_blank\">\n                Download our latest activity report (PDF)                            <\/a>\n        <\/div>\n        \t\t\t\t<\/div>\n\t\t\t\t<\/div>\n\t\t\t\t<\/div>\n\t\t<div class=\"elementor-element elementor-element-d458f7f e-con-full e-flex e-con e-child\" data-id=\"d458f7f\" data-element_type=\"container\" data-e-type=\"container\">\n\t\t\t\t<div class=\"elementor-element elementor-element-7db40ce elementor-skin-coverflow elementor-arrows-yes elementor-pagination-type-bullets elementor-pagination-position-outside elementor-widget elementor-widget-media-carousel\" data-id=\"7db40ce\" data-element_type=\"widget\" data-e-type=\"widget\" data-settings=\"{&quot;skin&quot;:&quot;coverflow&quot;,&quot;speed&quot;:400,&quot;autoplay_speed&quot;:400,&quot;show_arrows&quot;:&quot;yes&quot;,&quot;pagination&quot;:&quot;bullets&quot;,&quot;autoplay&quot;:&quot;yes&quot;,&quot;loop&quot;:&quot;yes&quot;,&quot;pause_on_hover&quot;:&quot;yes&quot;,&quot;space_between&quot;:{&quot;unit&quot;:&quot;px&quot;,&quot;size&quot;:10,&quot;sizes&quot;:[]},&quot;space_between_tablet&quot;:{&quot;unit&quot;:&quot;px&quot;,&quot;size&quot;:10,&quot;sizes&quot;:[]},&quot;space_between_mobile&quot;:{&quot;unit&quot;:&quot;px&quot;,&quot;size&quot;:10,&quot;sizes&quot;:[]}}\" data-widget_type=\"media-carousel.default\">\n\t\t\t\t\t\t\t\t\t\t<div class=\"elementor-main-swiper swiper\" role=\"region\" aria-roledescription=\"carousel\" aria-label=\"Slides\">\n\t\t\t\t<div class=\"swiper-wrapper\">\n\t\t\t\t\t\t\t\t\t\t\t<div class=\"swiper-slide\" role=\"group\" aria-roledescription=\"slide\">\n\t\t\t\t\t\t\t<a href=\"\/wp-content\/uploads\/2026\/03\/fondation-don-bosco-rapport-d-activite-2022.pdf\" target=\"_blank\">\t\t<div class=\"elementor-carousel-image\" role=\"img\" aria-label=\"Don Bosco Foundation 2022 Activity Report\" style=\"background-image: url(&#039;https:\/\/www.fondationdonbosco.org\/wp-content\/uploads\/2026\/03\/fondation-don-bosco-rapport-d-activite-2022.jpg&#039;)\">\n\n\t\t\t\n\t\t\t\t\t<\/div>\n\t\t<\/a>\t\t\t\t\t\t<\/div>\n\t\t\t\t\t\t\t\t\t\t\t<div class=\"swiper-slide\" role=\"group\" aria-roledescription=\"slide\">\n\t\t\t\t\t\t\t<a href=\"\/wp-content\/uploads\/2026\/03\/donbosco-rapportactivite-2023-web.pdf\" target=\"_blank\">\t\t<div class=\"elementor-carousel-image\" role=\"img\" aria-label=\"Fondation Don Bosco Coverage Activity Report 2024\" style=\"background-image: url(&#039;https:\/\/www.fondationdonbosco.org\/wp-content\/uploads\/2026\/03\/donbosco-rapportactivite1.jpg&#039;)\">\n\n\t\t\t\n\t\t\t\t\t<\/div>\n\t\t<\/a>\t\t\t\t\t\t<\/div>\n\t\t\t\t\t\t\t\t\t\t\t<div class=\"swiper-slide\" role=\"group\" aria-roledescription=\"slide\">\n\t\t\t\t\t\t\t<a href=\"\/wp-content\/uploads\/2026\/03\/fdb-rapportactivite24-web.pdf\" target=\"_blank\">\t\t<div class=\"elementor-carousel-image\" role=\"img\" aria-label=\"FDB_ActivityReport24-1\" style=\"background-image: url(&#039;https:\/\/www.fondationdonbosco.org\/wp-content\/uploads\/2026\/03\/fdb-rapportactivite24-1.jpg&#039;)\">\n\n\t\t\t\n\t\t\t\t\t<\/div>\n\t\t<\/a>\t\t\t\t\t\t<\/div>\n\t\t\t\t\t\t\t\t\t<\/div>\n\t\t\t\t\t\t\t\t\t\t\t\t\t\t\t<div class=\"elementor-swiper-button elementor-swiper-button-prev\" role=\"button\" tabindex=\"0\" aria-label=\"Previous\">\n\t\t\t\t\t\t\t<svg aria-hidden=\"true\" class=\"e-font-icon-svg e-eicon-chevron-left\" viewbox=\"0 0 1000 1000\" xmlns=\"http:\/\/www.w3.org\/2000\/svg\"><path d=\"M646 125C629 125 613 133 604 142L308 442C296 454 292 471 292 487 292 504 296 521 308 533L604 854C617 867 629 875 646 875 663 875 679 871 692 858 704 846 713 829 713 812 713 796 708 779 692 767L438 487 692 225C700 217 708 204 708 187 708 171 704 154 692 142 675 129 663 125 646 125Z\"><\/path><\/svg>\t\t\t\t\t\t<\/div>\n\t\t\t\t\t\t<div class=\"elementor-swiper-button elementor-swiper-button-next\" role=\"button\" tabindex=\"0\" aria-label=\"Next\">\n\t\t\t\t\t\t\t<svg aria-hidden=\"true\" class=\"e-font-icon-svg e-eicon-chevron-right\" viewbox=\"0 0 1000 1000\" xmlns=\"http:\/\/www.w3.org\/2000\/svg\"><path d=\"M696 533C708 521 713 504 713 487 713 471 708 454 696 446L400 146C388 133 375 125 354 125 338 125 325 129 313 142 300 154 292 171 292 187 292 204 296 221 308 233L563 492 304 771C292 783 288 800 288 817 288 833 296 850 308 863 321 871 338 875 354 875 371 875 388 867 400 854L696 533Z\"><\/path><\/svg>\t\t\t\t\t\t<\/div>\n\t\t\t\t\t\t\t\t\t\t\t\t\t\t\t\t<div class=\"swiper-pagination\"><\/div>\n\t\t\t\t\t\t\t\t\t\t\t\t<\/div>\n\t\t\t\t\t\t\t\t<\/div>\n\t\t\t\t<\/div>\n\t\t\t\t<\/div>\n\t\t\t\t\t<\/div>\n\t\t\t\t<\/div>\n\t\t\t\t<\/div>","protected":false},"excerpt":{"rendered":"<p>Nos rapports d&rsquo;activit\u00e9 : d\u00e9couvrez ce que nous faisons avec le soutien de nos bienfaiteurs&#8230; S\u00e9bastien Robert Tr\u00e9sorier Lisez ou t\u00e9l\u00e9chargez nos derniers rapports&#8230; Vous trouverez ci-contre nos derniers rapports [&hellip;]<\/p>\n","protected":false},"author":1,"featured_media":0,"parent":65,"menu_order":1,"comment_status":"closed","ping_status":"closed","template":"","meta":{"_acf_changed":false,"footnotes":""},"class_list":["post-73","page","type-page","status-publish","hentry"],"acf":[],"yoast_head":"<!-- This site is optimized with the Yoast SEO plugin v27.2 - https:\/\/yoast.com\/product\/yoast-seo-wordpress\/ -->\n<title>Rapport annuel - Fondation Don Bosco<\/title>\n<meta name=\"description\" content=\"Nos rapports d&#039;activit\u00e9 : d\u00e9couvrez ce que nous faisons avec le soutien de nos bienfaiteurs... S\u00e9bastien RobertTr\u00e9sorier Lisez ou t\u00e9l\u00e9chargez nos derniers\" \/>\n<meta name=\"robots\" content=\"index, follow, max-snippet:-1, max-image-preview:large, max-video-preview:-1\" \/>\n<link rel=\"canonical\" href=\"https:\/\/www.fondationdonbosco.org\/en\/la-fondation\/rapport-annuel\/\" \/>\n<meta property=\"og:locale\" content=\"en_US\" \/>\n<meta property=\"og:type\" content=\"article\" \/>\n<meta property=\"og:title\" content=\"Rapport annuel - Fondation Don Bosco\" \/>\n<meta property=\"og:description\" content=\"Nos rapports d&#039;activit\u00e9 : d\u00e9couvrez ce que nous faisons avec le soutien de nos bienfaiteurs... S\u00e9bastien RobertTr\u00e9sorier Lisez ou t\u00e9l\u00e9chargez nos derniers\" \/>\n<meta property=\"og:url\" content=\"https:\/\/www.fondationdonbosco.org\/en\/la-fondation\/rapport-annuel\/\" \/>\n<meta property=\"og:site_name\" content=\"Fondation Don Bosco\" \/>\n<meta property=\"article:modified_time\" content=\"2026-03-17T19:58:51+00:00\" \/>\n<meta property=\"og:image\" content=\"https:\/\/www.fondationdonbosco.org\/wp-content\/uploads\/2026\/03\/sebastien-robert.jpg\" \/>\n\t<meta property=\"og:image:width\" content=\"838\" \/>\n\t<meta property=\"og:image:height\" content=\"839\" \/>\n\t<meta property=\"og:image:type\" content=\"image\/jpeg\" \/>\n<meta name=\"twitter:card\" content=\"summary_large_image\" \/>\n<meta name=\"twitter:label1\" content=\"Est. reading time\" \/>\n\t<meta name=\"twitter:data1\" content=\"1 minute\" \/>\n<script type=\"application\/ld+json\" class=\"yoast-schema-graph\">{\"@context\":\"https:\/\/schema.org\",\"@graph\":[{\"@type\":\"WebPage\",\"@id\":\"https:\/\/www.fondationdonbosco.org\/la-fondation\/rapport-annuel\/\",\"url\":\"https:\/\/www.fondationdonbosco.org\/la-fondation\/rapport-annuel\/\",\"name\":\"Rapport annuel - Fondation Don Bosco\",\"isPartOf\":{\"@id\":\"https:\/\/www.fondationdonbosco.org\/#website\"},\"primaryImageOfPage\":{\"@id\":\"https:\/\/www.fondationdonbosco.org\/la-fondation\/rapport-annuel\/#primaryimage\"},\"image\":{\"@id\":\"https:\/\/www.fondationdonbosco.org\/la-fondation\/rapport-annuel\/#primaryimage\"},\"thumbnailUrl\":\"https:\/\/www.fondationdonbosco.org\/wp-content\/uploads\/2026\/03\/sebastien-robert.jpg\",\"datePublished\":\"2026-01-29T13:16:47+00:00\",\"dateModified\":\"2026-03-17T19:58:51+00:00\",\"description\":\"Nos rapports d'activit\u00e9 : d\u00e9couvrez ce que nous faisons avec le soutien de nos bienfaiteurs... S\u00e9bastien RobertTr\u00e9sorier Lisez ou t\u00e9l\u00e9chargez nos derniers\",\"breadcrumb\":{\"@id\":\"https:\/\/www.fondationdonbosco.org\/la-fondation\/rapport-annuel\/#breadcrumb\"},\"inLanguage\":\"en-US\",\"potentialAction\":[{\"@type\":\"ReadAction\",\"target\":[\"https:\/\/www.fondationdonbosco.org\/la-fondation\/rapport-annuel\/\"]}]},{\"@type\":\"ImageObject\",\"inLanguage\":\"en-US\",\"@id\":\"https:\/\/www.fondationdonbosco.org\/la-fondation\/rapport-annuel\/#primaryimage\",\"url\":\"https:\/\/www.fondationdonbosco.org\/wp-content\/uploads\/2026\/03\/sebastien-robert.jpg\",\"contentUrl\":\"https:\/\/www.fondationdonbosco.org\/wp-content\/uploads\/2026\/03\/sebastien-robert.jpg\"},{\"@type\":\"BreadcrumbList\",\"@id\":\"https:\/\/www.fondationdonbosco.org\/la-fondation\/rapport-annuel\/#breadcrumb\",\"itemListElement\":[{\"@type\":\"ListItem\",\"position\":1,\"name\":\"Accueil\",\"item\":\"https:\/\/www.fondationdonbosco.org\/\"},{\"@type\":\"ListItem\",\"position\":2,\"name\":\"La Fondation\",\"item\":\"https:\/\/www.fondationdonbosco.org\/la-fondation\/\"},{\"@type\":\"ListItem\",\"position\":3,\"name\":\"Rapport annuel\"}]},{\"@type\":\"WebSite\",\"@id\":\"https:\/\/www.fondationdonbosco.org\/#website\",\"url\":\"https:\/\/www.fondationdonbosco.org\/\",\"name\":\"Fondation Don Bosco\",\"description\":\"Fondation reconnue d\u2019utilit\u00e9 publique depuis 1986\",\"potentialAction\":[{\"@type\":\"SearchAction\",\"target\":{\"@type\":\"EntryPoint\",\"urlTemplate\":\"https:\/\/www.fondationdonbosco.org\/?s={search_term_string}\"},\"query-input\":{\"@type\":\"PropertyValueSpecification\",\"valueRequired\":true,\"valueName\":\"search_term_string\"}}],\"inLanguage\":\"en-US\"}]}<\/script>\n<!-- \/ Yoast SEO plugin. -->","yoast_head_json":{"title":"Rapport annuel - Fondation Don Bosco","description":"Nos rapports d'activit\u00e9 : d\u00e9couvrez ce que nous faisons avec le soutien de nos bienfaiteurs... S\u00e9bastien RobertTr\u00e9sorier Lisez ou t\u00e9l\u00e9chargez nos derniers","robots":{"index":"index","follow":"follow","max-snippet":"max-snippet:-1","max-image-preview":"max-image-preview:large","max-video-preview":"max-video-preview:-1"},"canonical":"https:\/\/www.fondationdonbosco.org\/en\/la-fondation\/rapport-annuel\/","og_locale":"en_US","og_type":"article","og_title":"Rapport annuel - Fondation Don Bosco","og_description":"Nos rapports d'activit\u00e9 : d\u00e9couvrez ce que nous faisons avec le soutien de nos bienfaiteurs... S\u00e9bastien RobertTr\u00e9sorier Lisez ou t\u00e9l\u00e9chargez nos derniers","og_url":"https:\/\/www.fondationdonbosco.org\/en\/la-fondation\/rapport-annuel\/","og_site_name":"Fondation Don Bosco","article_modified_time":"2026-03-17T19:58:51+00:00","og_image":[{"width":838,"height":839,"url":"https:\/\/www.fondationdonbosco.org\/wp-content\/uploads\/2026\/03\/sebastien-robert.jpg","type":"image\/jpeg"}],"twitter_card":"summary_large_image","twitter_misc":{"Est. reading time":"1 minute"},"schema":{"@context":"https:\/\/schema.org","@graph":[{"@type":"WebPage","@id":"https:\/\/www.fondationdonbosco.org\/la-fondation\/rapport-annuel\/","url":"https:\/\/www.fondationdonbosco.org\/la-fondation\/rapport-annuel\/","name":"Rapport annuel - Fondation Don Bosco","isPartOf":{"@id":"https:\/\/www.fondationdonbosco.org\/#website"},"primaryImageOfPage":{"@id":"https:\/\/www.fondationdonbosco.org\/la-fondation\/rapport-annuel\/#primaryimage"},"image":{"@id":"https:\/\/www.fondationdonbosco.org\/la-fondation\/rapport-annuel\/#primaryimage"},"thumbnailUrl":"https:\/\/www.fondationdonbosco.org\/wp-content\/uploads\/2026\/03\/sebastien-robert.jpg","datePublished":"2026-01-29T13:16:47+00:00","dateModified":"2026-03-17T19:58:51+00:00","description":"Nos rapports d'activit\u00e9 : d\u00e9couvrez ce que nous faisons avec le soutien de nos bienfaiteurs... S\u00e9bastien RobertTr\u00e9sorier Lisez ou t\u00e9l\u00e9chargez nos derniers","breadcrumb":{"@id":"https:\/\/www.fondationdonbosco.org\/la-fondation\/rapport-annuel\/#breadcrumb"},"inLanguage":"en-US","potentialAction":[{"@type":"ReadAction","target":["https:\/\/www.fondationdonbosco.org\/la-fondation\/rapport-annuel\/"]}]},{"@type":"ImageObject","inLanguage":"en-US","@id":"https:\/\/www.fondationdonbosco.org\/la-fondation\/rapport-annuel\/#primaryimage","url":"https:\/\/www.fondationdonbosco.org\/wp-content\/uploads\/2026\/03\/sebastien-robert.jpg","contentUrl":"https:\/\/www.fondationdonbosco.org\/wp-content\/uploads\/2026\/03\/sebastien-robert.jpg"},{"@type":"BreadcrumbList","@id":"https:\/\/www.fondationdonbosco.org\/la-fondation\/rapport-annuel\/#breadcrumb","itemListElement":[{"@type":"ListItem","position":1,"name":"Accueil","item":"https:\/\/www.fondationdonbosco.org\/"},{"@type":"ListItem","position":2,"name":"La Fondation","item":"https:\/\/www.fondationdonbosco.org\/la-fondation\/"},{"@type":"ListItem","position":3,"name":"Rapport annuel"}]},{"@type":"WebSite","@id":"https:\/\/www.fondationdonbosco.org\/#website","url":"https:\/\/www.fondationdonbosco.org\/","name":"Don Bosco Foundation","description":"Foundation recognized as being of public utility since 1986","potentialAction":[{"@type":"SearchAction","target":{"@type":"EntryPoint","urlTemplate":"https:\/\/www.fondationdonbosco.org\/?s={search_term_string}"},"query-input":{"@type":"PropertyValueSpecification","valueRequired":true,"valueName":"search_term_string"}}],"inLanguage":"en-US"}]}},"_links":{"self":[{"href":"https:\/\/www.fondationdonbosco.org\/en\/wp-json\/wp\/v2\/pages\/73","targetHints":{"allow":["GET"]}}],"collection":[{"href":"https:\/\/www.fondationdonbosco.org\/en\/wp-json\/wp\/v2\/pages"}],"about":[{"href":"https:\/\/www.fondationdonbosco.org\/en\/wp-json\/wp\/v2\/types\/page"}],"author":[{"embeddable":true,"href":"https:\/\/www.fondationdonbosco.org\/en\/wp-json\/wp\/v2\/users\/1"}],"replies":[{"embeddable":true,"href":"https:\/\/www.fondationdonbosco.org\/en\/wp-json\/wp\/v2\/comments?post=73"}],"version-history":[{"count":10,"href":"https:\/\/www.fondationdonbosco.org\/en\/wp-json\/wp\/v2\/pages\/73\/revisions"}],"predecessor-version":[{"id":1771,"href":"https:\/\/www.fondationdonbosco.org\/en\/wp-json\/wp\/v2\/pages\/73\/revisions\/1771"}],"up":[{"embeddable":true,"href":"https:\/\/www.fondationdonbosco.org\/en\/wp-json\/wp\/v2\/pages\/65"}],"wp:attachment":[{"href":"https:\/\/www.fondationdonbosco.org\/en\/wp-json\/wp\/v2\/media?parent=73"}],"curies":[{"name":"wp","href":"https:\/\/api.w.org\/{rel}","templated":true}]}}