{"id":412,"date":"2026-02-04T09:48:03","date_gmt":"2026-02-04T08:48:03","guid":{"rendered":"https:\/\/www.fondationdonbosco.org\/?page_id=412"},"modified":"2026-03-12T14:19:58","modified_gmt":"2026-03-12T13:19:58","slug":"politique-de-confidentialite","status":"publish","type":"page","link":"https:\/\/www.fondationdonbosco.org\/en\/politique-de-confidentialite\/","title":{"rendered":"Privacy Policy"},"content":{"rendered":"<div data-elementor-type=\"wp-page\" data-elementor-id=\"412\" class=\"elementor elementor-412\" data-elementor-post-type=\"page\">\n\t\t\t\t<div class=\"elementor-element elementor-element-6997a057 e-flex e-con-boxed e-con e-parent\" data-id=\"6997a057\" data-element_type=\"container\" data-e-type=\"container\">\n\t\t\t\t\t<div class=\"e-con-inner\">\n\t\t<div class=\"elementor-element elementor-element-1982a9a9 e-con-full e-flex e-con e-child\" data-id=\"1982a9a9\" data-element_type=\"container\" data-e-type=\"container\">\n\t\t\t\t<\/div>\n\t\t\t\t\t<\/div>\n\t\t\t\t<\/div>\n\t\t<div class=\"elementor-element elementor-element-41640e6 e-flex e-con-boxed e-con e-parent\" data-id=\"41640e6\" data-element_type=\"container\" data-e-type=\"container\">\n\t\t\t\t\t<div class=\"e-con-inner\">\n\t\t\t\t<div class=\"elementor-element elementor-element-0519da2 elementor-widget elementor-widget-text-editor\" data-id=\"0519da2\" data-element_type=\"widget\" data-e-type=\"widget\" data-widget_type=\"text-editor.default\">\n\t\t\t\t\t\t\t\t\t<p>The Don Bosco Foundation - Paris Province, recognized as being of public utility, with its registered office at 60 rue d\u2019H\u00e9rouville - 14000 CAEN and its administrative and correspondence office at 393 bis rue des Pyr\u00e9n\u00e9es \u2013 75020 Paris,<\/p><p>And the Don Bosco Foundation in Belgium, whose registered office is at Clos Andr\u00e9 Rappe 8, 1200 Woluwe-Saint-Lambert, under the auspices of the King Baudouin Foundation for donations (<a style=\"text-wrap-mode: initial; background-color: #ffffff;\" href=\"https:\/\/kbs-frb.be\/fr\/politique-de-confidentialite-et-de-protection-de-la-vie-privee\">https:\/\/kbs-frb.be\/fr\/politique-de-confidentialite-et-de-protection-de-la-vie-privee<\/a>)<\/p><p>Hereinafter referred to as the Foundation,<\/p><p>Inform the user that the collected data will be integrated into their files.<\/p><p>The Foundation complies with general data protection regulations.<\/p>\t\t\t\t\t\t\t\t<\/div>\n\t\t\t\t\t<\/div>\n\t\t\t\t<\/div>\n\t\t<div class=\"elementor-element elementor-element-d958611 e-flex e-con-boxed e-con e-parent\" data-id=\"d958611\" data-element_type=\"container\" data-e-type=\"container\">\n\t\t\t\t\t<div class=\"e-con-inner\">\n\t\t\t\t<div class=\"elementor-element elementor-element-8f96e3c elementor-widget elementor-widget-heading\" data-id=\"8f96e3c\" data-element_type=\"widget\" data-e-type=\"widget\" data-widget_type=\"heading.default\">\n\t\t\t\t\t<h2 class=\"elementor-heading-title elementor-size-default\">Acceptance and consent<br><\/h2>\t\t\t\t<\/div>\n\t\t\t\t<div class=\"elementor-element elementor-element-72fa3da elementor-widget elementor-widget-text-editor\" data-id=\"72fa3da\" data-element_type=\"widget\" data-e-type=\"widget\" data-widget_type=\"text-editor.default\">\n\t\t\t\t\t\t\t\t\t<p>\u00a0<\/p><p>The user declares that they have been informed of the personal data protection conditions indicated below, accepts and consents to the processing of this data by the Foundation in the manner and for the purposes indicated in this personal data protection policy.<\/p>\t\t\t\t\t\t\t\t<\/div>\n\t\t\t\t\t<\/div>\n\t\t\t\t<\/div>\n\t\t<div class=\"elementor-element elementor-element-aa65bc8 e-flex e-con-boxed e-con e-parent\" data-id=\"aa65bc8\" data-element_type=\"container\" data-e-type=\"container\">\n\t\t\t\t\t<div class=\"e-con-inner\">\n\t\t\t\t<div class=\"elementor-element elementor-element-689fbad elementor-widget elementor-widget-heading\" data-id=\"689fbad\" data-element_type=\"widget\" data-e-type=\"widget\" data-widget_type=\"heading.default\">\n\t\t\t\t\t<h2 class=\"elementor-heading-title elementor-size-default\">Personal data recording<br><\/h2>\t\t\t\t<\/div>\n\t\t\t\t<div class=\"elementor-element elementor-element-b88d0e9 elementor-widget elementor-widget-text-editor\" data-id=\"b88d0e9\" data-element_type=\"widget\" data-e-type=\"widget\" data-widget_type=\"text-editor.default\">\n\t\t\t\t\t\t\t\t\t<p>\u00a0<\/p><p>The recording of the donor's personal data is mandatory to receive information from the Foundation's services and for processing different types of donations.<\/p><p>Failure to provide the personal data requested or to accept this data protection policy means that it is impossible to register or receive the information requested.<\/p>\t\t\t\t\t\t\t\t<\/div>\n\t\t\t\t\t<\/div>\n\t\t\t\t<\/div>\n\t\t<div class=\"elementor-element elementor-element-28dd35c e-flex e-con-boxed e-con e-parent\" data-id=\"28dd35c\" data-element_type=\"container\" data-e-type=\"container\">\n\t\t\t\t\t<div class=\"e-con-inner\">\n\t\t\t\t<div class=\"elementor-element elementor-element-b5954c4 elementor-widget elementor-widget-heading\" data-id=\"b5954c4\" data-element_type=\"widget\" data-e-type=\"widget\" data-widget_type=\"heading.default\">\n\t\t\t\t\t<h2 class=\"elementor-heading-title elementor-size-default\">Right of access, rectification, restriction, objection, and the right to be forgotten<br><\/h2>\t\t\t\t<\/div>\n\t\t\t\t<div class=\"elementor-element elementor-element-60268d8 elementor-widget elementor-widget-text-editor\" data-id=\"60268d8\" data-element_type=\"widget\" data-e-type=\"widget\" data-widget_type=\"text-editor.default\">\n\t\t\t\t\t\t\t\t\t<p>\u00a0<\/p><p>If you do not wish to receive communications from the Foundation, or if you wish to exercise your right to access, rectify, limit, oppose or forget your data, you may do so at any time and in accordance with the law.<\/p>\t\t\t\t\t\t\t\t<\/div>\n\t\t\t\t\t<\/div>\n\t\t\t\t<\/div>\n\t\t<div class=\"elementor-element elementor-element-222ecee e-grid e-con-boxed e-con e-parent\" data-id=\"222ecee\" data-element_type=\"container\" data-e-type=\"container\">\n\t\t\t\t\t<div class=\"e-con-inner\">\n\t\t\t\t<div class=\"elementor-element elementor-element-83cb154 elementor-widget elementor-widget-text-editor\" data-id=\"83cb154\" data-element_type=\"widget\" data-e-type=\"widget\" data-widget_type=\"text-editor.default\">\n\t\t\t\t\t\t\t\t\t<ul><li>For France<\/li><\/ul><p>Mail to Fondation Don Bosco \u2013 Data Protection \u2013 393 bis rue des Pyr\u00e9n\u00e9es \u2013 75020 Paris<\/p><p>So it's by email to\u00a0<a href=\"mailto:contacts@fondationdonbosco.org\">contacts@fondationdonbosco.org<\/a><\/p>\t\t\t\t\t\t\t\t<\/div>\n\t\t\t\t<div class=\"elementor-element elementor-element-ad8100e elementor-widget elementor-widget-text-editor\" data-id=\"ad8100e\" data-element_type=\"widget\" data-e-type=\"widget\" data-widget_type=\"text-editor.default\">\n\t\t\t\t\t\t\t\t\t<ul><li>For Belgium<\/li><\/ul><p>Or by post to Fondation Don Bosco - Protection des donn\u00e9es - Clos Andr\u00e9 Rappe 8, 1200 Woluwe-Saint-Lambert<\/p><p>So it's by email to\u00a0<a href=\"mailto:contact@fondationdonbosco.be\">contact@fondationdonbosco.be<\/a><\/p>\t\t\t\t\t\t\t\t<\/div>\n\t\t\t\t\t<\/div>\n\t\t\t\t<\/div>\n\t\t<div class=\"elementor-element elementor-element-cc3c2eb e-flex e-con-boxed e-con e-parent\" data-id=\"cc3c2eb\" data-element_type=\"container\" data-e-type=\"container\">\n\t\t\t\t\t<div class=\"e-con-inner\">\n\t\t\t\t<div class=\"elementor-element elementor-element-bc8ab91 elementor-widget elementor-widget-text-editor\" data-id=\"bc8ab91\" data-element_type=\"widget\" data-e-type=\"widget\" data-widget_type=\"text-editor.default\">\n\t\t\t\t\t\t\t\t\t<ul><li>So, using the form\u00a0<a href=\"https:\/\/www.fondationdonbosco.org\/en\/contact\/\"><strong>contact<\/strong><\/a><strong>t<\/strong>\u00a0available to you on the site<\/li><\/ul>\t\t\t\t\t\t\t\t<\/div>\n\t\t\t\t\t<\/div>\n\t\t\t\t<\/div>\n\t\t<div class=\"elementor-element elementor-element-60514a1 e-flex e-con-boxed e-con e-parent\" data-id=\"60514a1\" data-element_type=\"container\" data-e-type=\"container\">\n\t\t\t\t\t<div class=\"e-con-inner\">\n\t\t\t\t<div class=\"elementor-element elementor-element-02ce383 elementor-widget elementor-widget-heading\" data-id=\"02ce383\" data-element_type=\"widget\" data-e-type=\"widget\" data-widget_type=\"heading.default\">\n\t\t\t\t\t<h2 class=\"elementor-heading-title elementor-size-default\">Changes to the data protection policy<\/h2>\t\t\t\t<\/div>\n\t\t\t\t<div class=\"elementor-element elementor-element-d196ec3 elementor-widget elementor-widget-text-editor\" data-id=\"d196ec3\" data-element_type=\"widget\" data-e-type=\"widget\" data-widget_type=\"text-editor.default\">\n\t\t\t\t\t\t\t\t\t<p>\u00a0<\/p><p>The Foundation reserves the right to modify this policy to adapt it to legislative or jurisprudential developments as well as industry practices. In such cases, the Foundation will announce the changes introduced on this page with reasonable anticipation of their implementation.<\/p>\t\t\t\t\t\t\t\t<\/div>\n\t\t\t\t\t<\/div>\n\t\t\t\t<\/div>\n\t\t<div class=\"elementor-element elementor-element-1f80c4e e-flex e-con-boxed e-con e-parent\" data-id=\"1f80c4e\" data-element_type=\"container\" data-e-type=\"container\">\n\t\t\t\t\t<div class=\"e-con-inner\">\n\t\t\t\t<div class=\"elementor-element elementor-element-7b29b4d elementor-widget elementor-widget-heading\" data-id=\"7b29b4d\" data-element_type=\"widget\" data-e-type=\"widget\" data-widget_type=\"heading.default\">\n\t\t\t\t\t<h2 class=\"elementor-heading-title elementor-size-default\">Accuracy of provided data<\/h2>\t\t\t\t<\/div>\n\t\t\t\t\t<\/div>\n\t\t\t\t<\/div>\n\t\t<div class=\"elementor-element elementor-element-e4c3632 e-flex e-con-boxed e-con e-parent\" data-id=\"e4c3632\" data-element_type=\"container\" data-e-type=\"container\">\n\t\t\t\t\t<div class=\"e-con-inner\">\n\t\t\t\t<div class=\"elementor-element elementor-element-5853b95 elementor-widget elementor-widget-text-editor\" data-id=\"5853b95\" data-element_type=\"widget\" data-e-type=\"widget\" data-widget_type=\"text-editor.default\">\n\t\t\t\t\t\t\t\t\t<p>The user who sends information to the foundation guarantees and is responsible, in all cases, for the accuracy, validity, and authenticity of the personal data provided and undertakes to keep it up to date, exempting the foundation from any liability in this regard.<\/p><p>The user agrees to provide complete and correct information regardless of the medium used.<\/p><p>Similarly, the foundation is not responsible for the accuracy of information not created by itself and for which another source is indicated. For this reason, it assumes no responsibility for hypothetical damages that may result from the use of this information.<\/p>\t\t\t\t\t\t\t\t<\/div>\n\t\t\t\t\t<\/div>\n\t\t\t\t<\/div>\n\t\t<div class=\"elementor-element elementor-element-92fc10f e-flex e-con-boxed e-con e-parent\" data-id=\"92fc10f\" data-element_type=\"container\" data-e-type=\"container\">\n\t\t\t\t\t<div class=\"e-con-inner\">\n\t\t\t\t<div class=\"elementor-element elementor-element-c440889 elementor-widget elementor-widget-heading\" data-id=\"c440889\" data-element_type=\"widget\" data-e-type=\"widget\" data-widget_type=\"heading.default\">\n\t\t\t\t\t<h2 class=\"elementor-heading-title elementor-size-default\">Data transfer to third parties<\/h2>\t\t\t\t<\/div>\n\t\t\t\t<div class=\"elementor-element elementor-element-558738d elementor-widget elementor-widget-text-editor\" data-id=\"558738d\" data-element_type=\"widget\" data-e-type=\"widget\" data-widget_type=\"text-editor.default\">\n\t\t\t\t\t\t\t\t\t<p>\u00a0<\/p><p>The Foundation will not, in principle, transfer personal data to third parties, except for third parties within its affiliated networks.<\/p>\t\t\t\t\t\t\t\t<\/div>\n\t\t\t\t\t<\/div>\n\t\t\t\t<\/div>\n\t\t<div class=\"elementor-element elementor-element-41ebbc9 e-flex e-con-boxed e-con e-parent\" data-id=\"41ebbc9\" data-element_type=\"container\" data-e-type=\"container\">\n\t\t\t\t\t<div class=\"e-con-inner\">\n\t\t\t\t<div class=\"elementor-element elementor-element-166058d elementor-widget elementor-widget-heading\" data-id=\"166058d\" data-element_type=\"widget\" data-e-type=\"widget\" data-widget_type=\"heading.default\">\n\t\t\t\t\t<h2 class=\"elementor-heading-title elementor-size-default\">Governing law<\/h2>\t\t\t\t<\/div>\n\t\t\t\t<div class=\"elementor-element elementor-element-52aa90e elementor-widget elementor-widget-text-editor\" data-id=\"52aa90e\" data-element_type=\"widget\" data-e-type=\"widget\" data-widget_type=\"text-editor.default\">\n\t\t\t\t\t\t\t\t\t<p>The content of the Site is governed by current French law, and any dispute arising from said content shall be submitted to the competent courts of Caen.<\/p>\t\t\t\t\t\t\t\t<\/div>\n\t\t\t\t\t<\/div>\n\t\t\t\t<\/div>\n\t\t<div class=\"elementor-element elementor-element-a175109 e-flex e-con-boxed e-con e-parent\" data-id=\"a175109\" data-element_type=\"container\" data-e-type=\"container\">\n\t\t\t\t\t<div class=\"e-con-inner\">\n\t\t\t\t<div class=\"elementor-element elementor-element-31fdf26 elementor-widget elementor-widget-heading\" data-id=\"31fdf26\" data-element_type=\"widget\" data-e-type=\"widget\" data-widget_type=\"heading.default\">\n\t\t\t\t\t<h2 class=\"elementor-heading-title elementor-size-default\">Cookies<\/h2>\t\t\t\t<\/div>\n\t\t\t\t<div class=\"elementor-element elementor-element-953193b elementor-widget elementor-widget-text-editor\" data-id=\"953193b\" data-element_type=\"widget\" data-e-type=\"widget\" data-widget_type=\"text-editor.default\">\n\t\t\t\t\t\t\t\t\t<p>If you leave a comment on our site, you may opt-in to save your name, email address, and website in cookies. This is for your convenience so that you do not have to fill in your details again when you leave another comment. These cookies will last for one year.<\/p><p>If you have an account and log on to this site, a temporary cookie will be created to determine whether your browser accepts cookies. It contains no personal data and will be deleted automatically when you close your browser.<\/p><p>When you log in, we will set up a number of cookies to save your login information and screen preferences. The lifespan of a login cookie is two days, and that of a screen option cookie is one year. If you check \u00abRemember me,\u00bb your login cookie will be kept for two weeks. If you log out of your account, the login cookie will be erased.<\/p><p>When editing or publishing an article, an additional cookie will be saved to your browser. This cookie does not contain any personal data. It simply indicates the ID of the article you just edited. It expires after one day.<\/p><p>Large text module<\/p>\t\t\t\t\t\t\t\t<\/div>\n\t\t\t\t\t<\/div>\n\t\t\t\t<\/div>\n\t\t\t\t<\/div>","protected":false},"excerpt":{"rendered":"<p>La Fondation Don Bosco \u2013 Province de Paris reconnue d\u2019utilit\u00e9 publique, dont le si\u00e8ge social\u00a0est 60 rue d\u2019H\u00e9rouville -14000 CAEN et le si\u00e8ge administratif et de correspondance 393 bis rue [&hellip;]<\/p>\n","protected":false},"author":1,"featured_media":0,"parent":0,"menu_order":5,"comment_status":"closed","ping_status":"closed","template":"","meta":{"_acf_changed":false,"footnotes":""},"class_list":["post-412","page","type-page","status-publish","hentry"],"acf":[],"yoast_head":"<!-- This site is optimized with the Yoast SEO plugin v27.2 - https:\/\/yoast.com\/product\/yoast-seo-wordpress\/ -->\n<title>Politique de confidentialit\u00e9 - Fondation Don Bosco<\/title>\n<meta name=\"description\" content=\"La Fondation Don Bosco \u2013 Province de Paris reconnue d\u2019utilit\u00e9 publique, dont le si\u00e8ge social\u00a0est 60 rue d\u2019H\u00e9rouville -14000 CAEN et le si\u00e8ge administratif\" \/>\n<meta name=\"robots\" content=\"index, follow, max-snippet:-1, max-image-preview:large, max-video-preview:-1\" \/>\n<link rel=\"canonical\" href=\"https:\/\/www.fondationdonbosco.org\/en\/politique-de-confidentialite\/\" \/>\n<meta property=\"og:locale\" content=\"en_US\" \/>\n<meta property=\"og:type\" content=\"article\" \/>\n<meta property=\"og:title\" content=\"Politique de confidentialit\u00e9 - Fondation Don Bosco\" \/>\n<meta property=\"og:description\" content=\"La Fondation Don Bosco \u2013 Province de Paris reconnue d\u2019utilit\u00e9 publique, dont le si\u00e8ge social\u00a0est 60 rue d\u2019H\u00e9rouville -14000 CAEN et le si\u00e8ge administratif\" \/>\n<meta property=\"og:url\" content=\"https:\/\/www.fondationdonbosco.org\/en\/politique-de-confidentialite\/\" \/>\n<meta property=\"og:site_name\" content=\"Fondation Don Bosco\" \/>\n<meta property=\"article:modified_time\" content=\"2026-03-12T13:19:58+00:00\" \/>\n<meta name=\"twitter:card\" content=\"summary_large_image\" \/>\n<meta name=\"twitter:label1\" content=\"Est. reading time\" \/>\n\t<meta name=\"twitter:data1\" content=\"4 minutes\" \/>\n<script type=\"application\/ld+json\" class=\"yoast-schema-graph\">{\"@context\":\"https:\/\/schema.org\",\"@graph\":[{\"@type\":\"WebPage\",\"@id\":\"https:\/\/www.fondationdonbosco.org\/politique-de-confidentialite\/\",\"url\":\"https:\/\/www.fondationdonbosco.org\/politique-de-confidentialite\/\",\"name\":\"Politique de confidentialit\u00e9 - Fondation Don Bosco\",\"isPartOf\":{\"@id\":\"https:\/\/www.fondationdonbosco.org\/#website\"},\"datePublished\":\"2026-02-04T08:48:03+00:00\",\"dateModified\":\"2026-03-12T13:19:58+00:00\",\"description\":\"La Fondation Don Bosco \u2013 Province de Paris reconnue d\u2019utilit\u00e9 publique, dont le si\u00e8ge social\u00a0est 60 rue d\u2019H\u00e9rouville -14000 CAEN et le si\u00e8ge administratif\",\"breadcrumb\":{\"@id\":\"https:\/\/www.fondationdonbosco.org\/politique-de-confidentialite\/#breadcrumb\"},\"inLanguage\":\"en-US\",\"potentialAction\":[{\"@type\":\"ReadAction\",\"target\":[\"https:\/\/www.fondationdonbosco.org\/politique-de-confidentialite\/\"]}]},{\"@type\":\"BreadcrumbList\",\"@id\":\"https:\/\/www.fondationdonbosco.org\/politique-de-confidentialite\/#breadcrumb\",\"itemListElement\":[{\"@type\":\"ListItem\",\"position\":1,\"name\":\"Accueil\",\"item\":\"https:\/\/www.fondationdonbosco.org\/\"},{\"@type\":\"ListItem\",\"position\":2,\"name\":\"Politique de confidentialit\u00e9\"}]},{\"@type\":\"WebSite\",\"@id\":\"https:\/\/www.fondationdonbosco.org\/#website\",\"url\":\"https:\/\/www.fondationdonbosco.org\/\",\"name\":\"Fondation Don Bosco\",\"description\":\"Fondation reconnue d\u2019utilit\u00e9 publique depuis 1986\",\"potentialAction\":[{\"@type\":\"SearchAction\",\"target\":{\"@type\":\"EntryPoint\",\"urlTemplate\":\"https:\/\/www.fondationdonbosco.org\/?s={search_term_string}\"},\"query-input\":{\"@type\":\"PropertyValueSpecification\",\"valueRequired\":true,\"valueName\":\"search_term_string\"}}],\"inLanguage\":\"en-US\"}]}<\/script>\n<!-- \/ Yoast SEO plugin. -->","yoast_head_json":{"title":"Politique de confidentialit\u00e9 - Fondation Don Bosco","description":"La Fondation Don Bosco \u2013 Province de Paris reconnue d\u2019utilit\u00e9 publique, dont le si\u00e8ge social\u00a0est 60 rue d\u2019H\u00e9rouville -14000 CAEN et le si\u00e8ge administratif","robots":{"index":"index","follow":"follow","max-snippet":"max-snippet:-1","max-image-preview":"max-image-preview:large","max-video-preview":"max-video-preview:-1"},"canonical":"https:\/\/www.fondationdonbosco.org\/en\/politique-de-confidentialite\/","og_locale":"en_US","og_type":"article","og_title":"Politique de confidentialit\u00e9 - Fondation Don Bosco","og_description":"La Fondation Don Bosco \u2013 Province de Paris reconnue d\u2019utilit\u00e9 publique, dont le si\u00e8ge social\u00a0est 60 rue d\u2019H\u00e9rouville -14000 CAEN et le si\u00e8ge administratif","og_url":"https:\/\/www.fondationdonbosco.org\/en\/politique-de-confidentialite\/","og_site_name":"Fondation Don Bosco","article_modified_time":"2026-03-12T13:19:58+00:00","twitter_card":"summary_large_image","twitter_misc":{"Est. reading time":"4 minutes"},"schema":{"@context":"https:\/\/schema.org","@graph":[{"@type":"WebPage","@id":"https:\/\/www.fondationdonbosco.org\/politique-de-confidentialite\/","url":"https:\/\/www.fondationdonbosco.org\/politique-de-confidentialite\/","name":"Politique de confidentialit\u00e9 - Fondation Don Bosco","isPartOf":{"@id":"https:\/\/www.fondationdonbosco.org\/#website"},"datePublished":"2026-02-04T08:48:03+00:00","dateModified":"2026-03-12T13:19:58+00:00","description":"La Fondation Don Bosco \u2013 Province de Paris reconnue d\u2019utilit\u00e9 publique, dont le si\u00e8ge social\u00a0est 60 rue d\u2019H\u00e9rouville -14000 CAEN et le si\u00e8ge administratif","breadcrumb":{"@id":"https:\/\/www.fondationdonbosco.org\/politique-de-confidentialite\/#breadcrumb"},"inLanguage":"en-US","potentialAction":[{"@type":"ReadAction","target":["https:\/\/www.fondationdonbosco.org\/politique-de-confidentialite\/"]}]},{"@type":"BreadcrumbList","@id":"https:\/\/www.fondationdonbosco.org\/politique-de-confidentialite\/#breadcrumb","itemListElement":[{"@type":"ListItem","position":1,"name":"Accueil","item":"https:\/\/www.fondationdonbosco.org\/"},{"@type":"ListItem","position":2,"name":"Politique de confidentialit\u00e9"}]},{"@type":"WebSite","@id":"https:\/\/www.fondationdonbosco.org\/#website","url":"https:\/\/www.fondationdonbosco.org\/","name":"Don Bosco Foundation","description":"Foundation recognized as being of public utility since 1986","potentialAction":[{"@type":"SearchAction","target":{"@type":"EntryPoint","urlTemplate":"https:\/\/www.fondationdonbosco.org\/?s={search_term_string}"},"query-input":{"@type":"PropertyValueSpecification","valueRequired":true,"valueName":"search_term_string"}}],"inLanguage":"en-US"}]}},"_links":{"self":[{"href":"https:\/\/www.fondationdonbosco.org\/en\/wp-json\/wp\/v2\/pages\/412","targetHints":{"allow":["GET"]}}],"collection":[{"href":"https:\/\/www.fondationdonbosco.org\/en\/wp-json\/wp\/v2\/pages"}],"about":[{"href":"https:\/\/www.fondationdonbosco.org\/en\/wp-json\/wp\/v2\/types\/page"}],"author":[{"embeddable":true,"href":"https:\/\/www.fondationdonbosco.org\/en\/wp-json\/wp\/v2\/users\/1"}],"replies":[{"embeddable":true,"href":"https:\/\/www.fondationdonbosco.org\/en\/wp-json\/wp\/v2\/comments?post=412"}],"version-history":[{"count":12,"href":"https:\/\/www.fondationdonbosco.org\/en\/wp-json\/wp\/v2\/pages\/412\/revisions"}],"predecessor-version":[{"id":1243,"href":"https:\/\/www.fondationdonbosco.org\/en\/wp-json\/wp\/v2\/pages\/412\/revisions\/1243"}],"wp:attachment":[{"href":"https:\/\/www.fondationdonbosco.org\/en\/wp-json\/wp\/v2\/media?parent=412"}],"curies":[{"name":"wp","href":"https:\/\/api.w.org\/{rel}","templated":true}]}}